{"id":4806,"date":"2025-10-17T17:00:50","date_gmt":"2025-10-17T15:00:50","guid":{"rendered":"https:\/\/www.digitran.de\/uv-dtf-transfers\/"},"modified":"2026-02-06T15:43:19","modified_gmt":"2026-02-06T14:43:19","slug":"uv-dtf-transfers","status":"publish","type":"page","link":"https:\/\/www.digitran.de\/en\/uv-dtf-transfers\/","title":{"rendered":"UV-DTF Transfers"},"content":{"rendered":"\n<h1>\n\t\t\tUV-DTF Transfers\t<\/h1>\n<h2>\n\t\t\tHochwertiger Druck zum Aufkleben\t<\/h2>\n\tMit unseren UV-DTF Transfers gestalten Sie langlebige, brillante Motive f\u00fcr nahezu jede glatte Oberfl\u00e4che. Bekannt als UV-DTF Aufkleber, UV-DTF Transfer oder UV-DTF Rub-On &#8211; wir drucken Ihre Designs mit modernster Technologie in leuchtenden, hochdeckenden Farben und gestochen scharfer Detailqualit\u00e4t.\nUnsere UV-DTF Drucke entstehen im Digitaldruck mit UV-h\u00e4rtenden Tinten, die f\u00fcr eine besonders widerstandsf\u00e4hige, wetterfeste und kratzbest\u00e4ndige Oberfl\u00e4che sorgen. Dank der selbstklebenden Transferfolie lassen sich die Motive einfach, blasenfrei und ohne Hitze aufbringen &#8211; auf nahezu jedem Material.\nEgal ob Sie ein Einzelmotiv, Sammelb\u00f6gen oder eine Gro\u00dfauflage w\u00fcnschen &#8211; wir fertigen Ihre UV-DTF Transfers exakt nach Ihren Vorgaben. Die fertigen UV-DTF Aufkleber liefern wir Ihnen auf Rolle, innerhalb weniger Tage und in bester Qualit\u00e4t.\nUnsere UV-DTF Rub-On Transfers eignen sich perfekt f\u00fcr die Veredelung von Glas, Kunststoff, Metall, Holz, Keramik und vielen weiteren glatten Oberfl\u00e4chen. Ideal f\u00fcr Werbeartikel, Produktbranding, Trinkflaschen, Schilder, Verpackungen, Dekoartikel und vieles mehr.\nMit UV-DTF erzielen Sie professionelle Ergebnisse ohne Pressen, ohne Hitze und ohne Aufwand &#8211; einfach aufkleben, andr\u00fccken, Folie abziehen, fertig!\n\t\t\t<p><strong>Faire Preise f\u00fcr UV-DTF Rollen.<\/strong><\/p>\t\t\n\t\t\t<p><strong>Schnelle Lieferung, in weniger als 5 Werktagen.<\/strong><\/p>\t\t\n\t\t\t<p><strong>Ohne Mindestmenge<\/strong><\/p>\t\t\n\t\t\t<p><strong>Einfache Aufbringung.<\/strong><\/p>\t\t\n\t\t\t<p><strong>Super Kratzfest dank Schutzlack.<\/strong><\/p>\t\t\n\t\t\t<p><strong>Glas, Metall, Keramik, Holz, Kunststoffe u.v.m.<\/strong><\/p>\t\t\n<h2>\n\t\t\tUnsere UV-DTF Transfers f\u00fcr Ihre Produkte\t<\/h2>\n\t<p>Sie k\u00f6nnen aus 3 Standards w\u00e4hlen. Gloss, Matt und See Through. Ja nach Anwendung und Geschmack sorgen alle 3 Varianten f\u00fcr sch\u00f6ne Druckergebnisse in jeder Losgr\u00f6\u00dfe.<\/p>\n<h3>\n\t\t\tUV-Gloss\t<\/h3>\n\t\t\t\t<img decoding=\"async\" src=\"https:\/\/www.digitran.de\/wp-content\/uploads\/2025\/10\/UV-DTF-Notebook-Gloss-768x1024.jpg\" alt=\"UV DTF Notebook Gloss\" itemprop=\"image\" height=\"947\" width=\"710\" title=\"UV DTF Notebook Gloss\" onerror=\"this.style.display='none'\" loading=\"lazy\" \/>\n\t<p>UV-DTFs mit hochgl\u00e4nzendem Schutzlack als oberste Schicht. Immer die richtig Wahl f\u00fcr langlebige Druckergebnisse.<\/p>\n<h3>\n\t\t\tUV-Matt\t<\/h3>\n\t\t\t\t<img decoding=\"async\" src=\"https:\/\/www.digitran.de\/wp-content\/uploads\/2025\/10\/UV-DTF-Notebook-Matt-768x1024.jpg\" alt=\"UV DTF Notebook Matt\" itemprop=\"image\" height=\"947\" width=\"710\" title=\"UV DTF Notebook Matt\" onerror=\"this.style.display='none'\" loading=\"lazy\" \/>\n\t<p>Gedruckt ohne Glanz-Lack f\u00fcr ein mattes Finish. Durch das entfallen des Schutzlackes wird der Druck zudem d\u00fcnner.<\/p>\n<h3>\n\t\t\tSee Through\t<\/h3>\n\t\t\t\t<img decoding=\"async\" src=\"https:\/\/www.digitran.de\/wp-content\/uploads\/2025\/10\/See-Through-UV-DTF-992x1024.jpg\" alt=\"See Through UV DTF\" itemprop=\"image\" height=\"733\" width=\"710\" title=\"See Through UV DTF\" onerror=\"this.style.display='none'\" loading=\"lazy\" \/>\n\t<p>Semi-Transparenter Druck. Perfekt f\u00fcr durchsichtige Produkte aus Glas, PET, SAN u.v.m. Macht den Druck von beiden Seiten sichtbar.<\/p>\n<h3>\n\t\t\t\u2714 UV-DTF Transfers unverbindlich anfragen\t<\/h3>\n\t<div class=\"wpforms-container wpforms-container-full\" id=\"wpforms-3409\"><form id=\"wpforms-form-3409\" class=\"wpforms-validate wpforms-form wpforms-ajax-form\" data-formid=\"3409\" method=\"post\" enctype=\"multipart\/form-data\" action=\"\/en\/wp-json\/wp\/v2\/pages\/4806\" data-token=\"8cfef34d93850e5b96af37d2e4fb857a\" data-token-time=\"1777995857\"><noscript class=\"wpforms-error-noscript\">Please enable JavaScript in your browser to complete this form.<\/noscript><div class=\"wpforms-field-container\"><div id=\"wpforms-3409-field_0-container\" class=\"wpforms-field wpforms-field-name wpforms-one-half wpforms-first\" data-field-id=\"0\"><label class=\"wpforms-field-label\" for=\"wpforms-3409-field_0\">Name <span class=\"wpforms-required-label\">*<\/span><\/label><input type=\"text\" id=\"wpforms-3409-field_0\" class=\"wpforms-field-large wpforms-field-required\" name=\"wpforms[fields][0]\" required><\/div><div id=\"wpforms-3409-field_1-container\" class=\"wpforms-field wpforms-field-email wpforms-one-half wpforms-second\" data-field-id=\"1\"><label class=\"wpforms-field-label\" for=\"wpforms-3409-field_1\">E-Mail <span class=\"wpforms-required-label\">*<\/span><\/label><input type=\"email\" id=\"wpforms-3409-field_1\" class=\"wpforms-field-large wpforms-field-required\" name=\"wpforms[fields][1]\" spellcheck=\"false\" required><\/div><div id=\"wpforms-3409-field_15-container\" class=\"wpforms-field wpforms-field-select wpforms-one-half wpforms-first wpforms-field-select-style-modern\" data-field-id=\"15\"><label class=\"wpforms-field-label\" for=\"wpforms-3409-field_15\">Sheet Size <span class=\"wpforms-required-label\">*<\/span><\/label><select id=\"wpforms-3409-field_15\" class=\"wpforms-field-large wpforms-field-required choicesjs-select\" data-size-class=\"wpforms-field-row wpforms-field-large\" data-search-enabled=\"\" name=\"wpforms[fields][15]\" required=\"required\"><option value=\"\" class=\"placeholder\" disabled >Format ausw\u00e4hlen<\/option><option value=\"Roll (print width max.: 580mm)\"  selected='selected' class=\"choice-1 depth-1\"  >Roll (print width max.: 580mm)<\/option><option value=\"DIN-A3 (297 x 420mm)\"  class=\"choice-2 depth-1\"  >DIN-A3 (297 x 420mm)<\/option><option value=\"DIN-A4 (210 x 297mm)\"  class=\"choice-3 depth-1\"  >DIN-A4 (210 x 297mm)<\/option><option value=\"DIN-A5 (148 x 210mm)\"  class=\"choice-6 depth-1\"  >DIN-A5 (148 x 210mm)<\/option><option value=\"DIN-A6 (105 x 148mm)\"  class=\"choice-5 depth-1\"  >DIN-A6 (105 x 148mm)<\/option><option value=\"DIN-A7 (74 x 105mm)\"  class=\"choice-7 depth-1\"  >DIN-A7 (74 x 105mm)<\/option><option value=\"DIN-A8 (52 x 74mm)\"  class=\"choice-8 depth-1\"  >DIN-A8 (52 x 74mm)<\/option><\/select><div class=\"wpforms-field-description\">Transfers as rolls are printed and shipped on a roll of 600mm width. This is the variant with the best price. Sheets are cut in the appropriate DIN A format. ATTENTION: For sheets an unprinted margin of 10mm must be planned around the design.<\/div><\/div><div id=\"wpforms-3409-field_14-container\" class=\"wpforms-field wpforms-field-number wpforms-one-half\" data-field-id=\"14\"><label class=\"wpforms-field-label\" for=\"wpforms-3409-field_14\">Quantity (pieces for sheets \/ linear meters for rolls) <span class=\"wpforms-required-label\">*<\/span><\/label><input type=\"number\" id=\"wpforms-3409-field_14\" class=\"wpforms-field-large wpforms-field-required\" name=\"wpforms[fields][14]\" step=\"any\" required><\/div><div id=\"wpforms-3409-field_2-container\" class=\"wpforms-field wpforms-field-textarea\" data-field-id=\"2\"><label class=\"wpforms-field-label\" for=\"wpforms-3409-field_2\">Message or Comments<\/label><textarea id=\"wpforms-3409-field_2\" class=\"wpforms-field-medium\" name=\"wpforms[fields][2]\" ><\/textarea><\/div><div id=\"wpforms-3409-field_9-container\" class=\"wpforms-field wpforms-field-gdpr-checkbox\" data-field-id=\"9\"><label class=\"wpforms-field-label\">Consent <span class=\"wpforms-required-label\">*<\/span><\/label><ul id=\"wpforms-3409-field_9\" class=\"wpforms-field-required\"><li class=\"choice-1\"><input type=\"checkbox\" id=\"wpforms-3409-field_9_1\" name=\"wpforms[fields][9][]\" value=\"I have read the &lt;a href=https:\/\/www.digitran.de\/en\/terms-conditions\/&gt;terms and conditions&lt;\/a&gt; and the information on &lt;a href=https:\/\/www.digitran.de\/en\/data-protection\/&gt;data protection&lt;\/a&gt; and agree to these.\" required ><label class=\"wpforms-field-label-inline\" for=\"wpforms-3409-field_9_1\">I have read the <a href=\"https:\/\/www.digitran.de\/en\/terms-conditions\/\" \/>terms and conditions<\/a> and the information on <a href=\"https:\/\/www.digitran.de\/en\/data-protection\/\" \/>data protection<\/a> and agree to these.<\/label><\/li><\/ul><\/div><\/div><!-- .wpforms-field-container -->\r\n\t\t\t<script>\r\n\t\t\tif ( typeof huOptions !== 'undefined' ) {\r\n\t\t\t\tvar huFormData = {\"source\":\"wpforms\",\"id\":3409,\"title\":\"Anfrage Textiltransfers\",\"fields\":{\"subject\":{\"first_name\":\"\",\"last_name\":\"\"}}};\r\n\t\t\t\tvar huFormNode = document.querySelector( '[id=\"wpforms-3409\"] form' );\r\n\r\n\t\t\t\tvar firstName = huFormNode.querySelector( 'input.wpforms-field-name-first' );\r\n\t\t\t\tvar lastName = huFormNode.querySelector( 'input.wpforms-field-name-last' );\r\n\r\n\t\t\t\tif ( firstName )\r\n\t\t\t\t\thuFormData['fields']['subject']['first_name'] = firstName.getAttribute( 'name' );\r\n\r\n\t\t\t\tif ( lastName )\r\n\t\t\t\t\thuFormData['fields']['subject']['last_name'] = lastName.getAttribute( 'name' );\r\n\r\n\t\t\t\thuFormData['node'] = huFormNode;\r\n\t\t\t\thuOptions['forms'].push( huFormData );\r\n\t\t\t}\r\n\t\t\t<\/script><div class=\"wpforms-recaptcha-container wpforms-is-recaptcha wpforms-is-recaptcha-type-v3\" ><input type=\"hidden\" name=\"wpforms[recaptcha]\" value=\"\"><\/div><div class=\"wpforms-submit-container\" ><input type=\"hidden\" name=\"wpforms[id]\" value=\"3409\"><input type=\"hidden\" name=\"page_title\" value=\"\"><input type=\"hidden\" name=\"page_url\" value=\"https:\/\/www.digitran.de\/en\/wp-json\/wp\/v2\/pages\/4806\"><input type=\"hidden\" name=\"url_referer\" value=\"\"><button type=\"submit\" name=\"wpforms[submit]\" id=\"wpforms-submit-3409\" class=\"wpforms-submit\" data-alt-text=\"Sending\u2026\" data-submit-text=\"Request More Information\" aria-live=\"assertive\" value=\"wpforms-submit\">Request More Information<\/button><img decoding=\"async\" src=\"https:\/\/www.digitran.de\/wp-content\/plugins\/wpforms-lite\/assets\/images\/submit-spin.svg\" class=\"wpforms-submit-spinner\" style=\"display: none;\" width=\"26\" height=\"26\" alt=\"Loading\" title=\"\"><\/div><\/form><\/div>  <!-- .wpforms-container -->\n<h3>\n\t\t\tAnwendungen f\u00fcr unsere UV-DTF Aufkleber\t<\/h3>\n\tWof\u00fcr sind UV-DTF Transfers? Wenn Sie glatte Oberfl\u00e4chen schnell, pr\u00e4zise und ohne zus\u00e4tzliche Ger\u00e4te veredeln m\u00f6chten. Gestalten Sie mit UV-DTF m\u00fchelos individuelle Aufkleber, Produktlabels, Logos, Schilder oder Dekorationen &#8211; ganz ohne Presse oder Hitze. Einfach aufkleben, andr\u00fccken, Folie abziehen &#8211; fertig! Alles, was Sie uns daf\u00fcr schicken m\u00fcssen, sind Ihre Druckdaten &#8211; den Rest \u00fcbernehmen wir.\nIn der Regel erhalten Sie Ihre UV-DTF Aufkleber oder UV-DTF Transfers bereits innerhalb von 5 Werktagen fix und fertig zum Aufbringen. Ob f\u00fcr DIY-Projekte, Hobbyisten, Werbeagenturen, Kosmetik oder professionelle Produktveredelung &#8211; unsere UV-DTF Rub-On Transfers kommen stets sorgf\u00e4ltig gedruckt und einsatzbereit bei Ihnen an. Dabei spielt es keine Rolle, ob Sie nur ein Einzelst\u00fcck oder eine gr\u00f6\u00dfere Serie ben\u00f6tigen.\nUnsere UV-DTF Transfers \u00fcberzeugen durch hohe Farbbrillanz, starke Haftung und extreme Widerstandsf\u00e4higkeit. Sie sind kratzfest, wetterbest\u00e4ndig und langlebig &#8211; ideal f\u00fcr den dauerhaften Einsatz auf Glas, Metall, Kunststoff, Holz, Keramik und vielen weiteren glatten Oberfl\u00e4chen.\n\n\t\t\t\t<img decoding=\"async\" src=\"https:\/\/www.digitran.de\/wp-content\/uploads\/2025\/10\/UV-DTF-Aufkleber-Folie-1536x672.jpg\" alt=\"UV-DTF Aufkleber-Folie\" itemprop=\"image\" height=\"311\" width=\"710\" title=\"UV-DTF Aufkleber-Folie\" onerror=\"this.style.display='none'\" loading=\"lazy\" \/>\n<h3>\n\t\t\tUV-DTF Transfers richtig Aufbringen\t<\/h3>\n\t<p><strong>#1 <\/strong><strong>Vorbereiten<\/strong><\/p>\n<ul>\n<li>Reinigen der Oberfl\u00e4che &#8211; Staub und Fett entfernen<\/li>\n<li>UV-DTFs ausschneiden<\/li>\n<\/ul>\n\t<p><strong>#2 Aufbringen<\/strong><\/p>\n<ul>\n<li>A- und B-Folie trennen<\/li>\n<li>UV-DTF auf das Produkt auflegen<\/li>\n<li>Vorsichtig und blasenfrei andr\u00fccken<\/li>\n<\/ul>\n\t<p><strong>#3 Nacharbeit<\/strong><\/p>\n<ul>\n<li>Folie vorsichtig und gleichm\u00e4\u00dfig abziehen (ggf. Produkt vorw\u00e4rmen)<\/li>\n<li>Vor den ersten Tests mindestens 24 Stunden warten.<\/li>\n<\/ul>\n<h3>\n\t\t\tSie spielen mit dem Gedanken selber UV-Transfers zu drucken?\t<\/h3>\n\t<p>Selbst wenn wir Sie gerne mit unseren UV-DTFs beliefern, m\u00f6chten wir Ihnen auch hier helfen. Mit unserer digitalen Druckl\u00f6sung, der <a href=\"https:\/\/www.digitran.de\/uv-dtf-drucker-flexline-dtf600uv\/\">DIGITRAN FlexLine DTF600UV<\/a>, k\u00f6nnen Sie ihre Produktion auf den neusten Stand der Technik bringen.<\/p>\n<p>Das digitale UV-DTF Drucksystem f\u00fcr Rub-On-Sticker bietet einen Druck mit optimaler Farben und maximale Flexibilit\u00e4t. CMYK, Wei\u00df und ein Schutzlack machen diese Aufkleber perfekt f\u00fcr langlebige Designs bei kleinen und mittleren Losgr\u00f6\u00dfen. Werbemittel, Kosmetikprodukte, DIY- und Hobby-Projekte &#8211; Eine Maschine f\u00fcr alle Anwendungen.<\/p>\n\t\t\t<a href=\"https:\/\/www.digitran.de\/textildruck\/dtf-drucker-flexline-dtf600-mk2\/\" target=\"_self\">\n\t\t\t\t\t\t\tFlexLine DTF600UV entdecken\n\t\t\t\t\t<\/a>\n\n","protected":false},"excerpt":{"rendered":"<p>UV-DTF Transfers Hochwertiger Druck zum Aufkleben Mit unseren UV-DTF Transfers gestalten Sie langlebige, brillante Motive f\u00fcr nahezu jede glatte Oberfl\u00e4che. Bekannt als UV-DTF Aufkleber, UV-DTF Transfer oder UV-DTF Rub-On &#8211; wir drucken Ihre Designs mit modernster Technologie in leuchtenden, hochdeckenden<\/p>\n","protected":false},"author":4,"featured_media":4747,"parent":0,"menu_order":0,"comment_status":"closed","ping_status":"closed","template":"","meta":{"footnotes":""},"class_list":["post-4806","page","type-page","status-publish","has-post-thumbnail","hentry"],"_links":{"self":[{"href":"https:\/\/www.digitran.de\/en\/wp-json\/wp\/v2\/pages\/4806","targetHints":{"allow":["GET"]}}],"collection":[{"href":"https:\/\/www.digitran.de\/en\/wp-json\/wp\/v2\/pages"}],"about":[{"href":"https:\/\/www.digitran.de\/en\/wp-json\/wp\/v2\/types\/page"}],"author":[{"embeddable":true,"href":"https:\/\/www.digitran.de\/en\/wp-json\/wp\/v2\/users\/4"}],"replies":[{"embeddable":true,"href":"https:\/\/www.digitran.de\/en\/wp-json\/wp\/v2\/comments?post=4806"}],"version-history":[{"count":2,"href":"https:\/\/www.digitran.de\/en\/wp-json\/wp\/v2\/pages\/4806\/revisions"}],"predecessor-version":[{"id":4874,"href":"https:\/\/www.digitran.de\/en\/wp-json\/wp\/v2\/pages\/4806\/revisions\/4874"}],"wp:featuredmedia":[{"embeddable":true,"href":"https:\/\/www.digitran.de\/en\/wp-json\/wp\/v2\/media\/4747"}],"wp:attachment":[{"href":"https:\/\/www.digitran.de\/en\/wp-json\/wp\/v2\/media?parent=4806"}],"curies":[{"name":"wp","href":"https:\/\/api.w.org\/{rel}","templated":true}]}}