{"id":4519,"date":"2025-01-14T11:25:49","date_gmt":"2025-01-14T10:25:49","guid":{"rendered":"https:\/\/www.digitran.de\/textile-printing\/dtf-printer\/"},"modified":"2026-02-20T15:01:06","modified_gmt":"2026-02-20T14:01:06","slug":"dtf-printer","status":"publish","type":"page","link":"https:\/\/www.digitran.de\/en\/textile-printing\/dtf-printer\/","title":{"rendered":"DTF Printer"},"content":{"rendered":"\n<h1>\n\t\t\tDTF Drucker von DIGITRAN\t<\/h1>\n<h2>\n\t\t\tDrucksystem f\u00fcr gro\u00dfe und kleine Druckerein.\t<\/h2>\n\t<p>Die Einf\u00fchrung von DTF Druckern, auch bekannt als Direct-to-Film-Drucker, hat eine den Textildruck um eine atemberaubende Technologie erweitert. Diese fortschrittlichen Drucksysteme bieten eine unvergleichliche Flexibilit\u00e4t, welche durch die Kombination von Digitaldruck und dem bekannten Transferverfahren generiert wird.<\/p>\n<p>Die Besonderheit der DTF Drucker liegt in ihrer F\u00e4higkeit, lebendige und detailreiche Drucke mit h\u00f6chster Pr\u00e4zision zu erzeugen &#8211; und dass in jeder St\u00fcckzahl. Hierf\u00fcr muss man nur das Druckbild in die Software laden, die gew\u00fcnschte Menge einstellen und schon kann der Druck losgehen. Damit diese Transfers lange halten und perfekt aussehen ist die Kombination mit hochwertigen Tinten, Klebern und Folien der Schl\u00fcssel.<\/p>\n<p>Die wegweisenden DTF Drucker der FlexLine-Serie stehen f\u00fcr verl\u00e4ssliche Qualit\u00e4t. Deshalb erstellen wir unsere eignen Farbprofile und schicken jedes Ger\u00e4t durch eine ausgiebige Kontrolle, bevor er bei Ihnen zum Einsatz kommt.<\/p>\n<p>Hier finden Sie einen kurzen \u00dcberblick unserer Drucksystem, damit Sie das passende System f\u00fcr sich finden k\u00f6nnen.<\/p>\n<p>Vom einfach und g\u00fcnstigen 30cm System f\u00fcr den Einstieg \u00fcber 3-Kopf System f\u00fcr Sonderfarben bis zur 5-Kopf Anlage f\u00fcr gro\u00dfe Produktionen. Immer in bester Preis\/Leistung und gepr\u00fcfter Qualit\u00e4t f\u00fcr Transfers die \u00fcberzeugen.<\/p>\n<h2>\n\t\t\tFlexLine DTF Drucker\t<\/h2>\n\t<p>Digitale Transferdrucker f\u00fcr Anf\u00e4nger, Fortgeschrittene und Profis<\/p>\n\t\t\t\t<a href=\"https:\/\/www.digitran.de\/textildruck\/dtf-drucker-flexline-dtf600-mk2\/\"  target=\"_self\" itemprop=\"url\">\n\t\t\t\t<img decoding=\"async\" src=\"https:\/\/www.digitran.de\/wp-content\/uploads\/2023\/06\/DIGITRAN-FlexLine-DTF600-MK2-freigestellt_trimmed_s.png\" alt=\"DTF-Drucker - DIGITRAN FlexLine DTF600 MK-II\" itemprop=\"image\" height=\"533\" width=\"576\" title=\"DTF-Drucker - DIGITRAN FlexLine DTF600 MK-II\" onerror=\"this.style.display='none'\" loading='lazy' \/>\n\t\t\t\t<\/a>\n\t\t<h3><a href=\"https:\/\/www.digitran.de\/textildruck\/dtf-drucker-flexline-dtf600-mk2\/\" target=\"_self\">FlexLine DTF600 MK-II<\/a><\/h3><p>Die FlexLine DTF600 MK-II ist die zweite Generation unseres <strong>All-Rounder DTF Druckers<\/strong>. Mit diversen Druckmodi, eigenen Farbprofilen, umfangreicher Software und vielen weiteren Features ist das der perfekte Drucker f\u00fcr fortgeschrittene Druckereien.<\/p>\nBahnbreite: 60cm<br \/>\nK\u00f6pfe: 2x EPSON i3200-A1<br \/>\nFarben: CMYK + WWWW<br \/>\nMax. Speed ca.: 14m\u00b2\/Std.<br \/>\nFeatures: motorisierter Abwickler, autom. Reinigungszyklen, Tintenzirkulation in Wei\u00df, Tinten-Alarm u.v.m.\n\t\t\t<a href=\"https:\/\/www.digitran.de\/textildruck\/dtf-drucker-flexline-dtf600-mk2\/\" target=\"_self\">\n\t\t\t\t\t\t\tMehr erfahren\n\t\t\t\t\t<\/a>\n\t\t\t\t<a href=\"https:\/\/www.digitran.de\/textildruck\/dtf-drucker-flexline-dtf600-mk2\/\"  target=\"_self\" itemprop=\"url\">\n\t\t\t\t<img decoding=\"async\" src=\"https:\/\/www.digitran.de\/wp-content\/uploads\/2025\/01\/DIGITRAN-FlexLine-DTF600x5_-1024x683.jpg\" alt=\"DIGITRAN FlexLine DTF600x5\" itemprop=\"image\" height=\"474\" width=\"710\" title=\"DIGITRAN FlexLine DTF600x5\" onerror=\"this.style.display='none'\" loading='lazy' \/>\n\t\t\t\t<\/a>\n\t\t<h3><a href=\"https:\/\/www.digitran.de\/textildruck\/dtf-drucker-flexline-dtf600-mk2\/\" target=\"_self\">FlexLine DTF600x5<\/a><\/h3><p><strong>High-Speed DTF-Drucker<\/strong> f\u00fcr die professionelle Produktion von DTF-Transfers. Mit 5 Druckk\u00f6pfen werden scharfen Druckbilder in CMYK und Wei\u00df bei h\u00f6chster Geschwindigkeit gedruckt.<\/p>\nBahnbreite: 60cm<br \/>\nK\u00f6pfe: 5x EPSON i3200-A1<br \/>\nFarben: 3x CMYK + 2x WWWW<br \/>\nMax. Speed ca.: 30m\u00b2\/Std. (6-Pass)<br \/>\nFeatures: motorisierter Abwickler, Aufnahme von Jumbo-Rollen, autom. Reinigungszyklen, Tintenzirkulation in Wei\u00df, 2-Zonen Trocknung, Tinten-Alarm u.v.m.\n\t\t\t<a href=\"https:\/\/www.digitran.de\/textildruck\/dtf-drucker-flexline-dtf600-mk2\/\" target=\"_self\">\n\t\t\t\t\t\t\tMehr erfahren\n\t\t\t\t\t<\/a>\n\t\t\t\t<a href=\"https:\/\/www.digitran.de\/textildruck\/dtf-drucker\/dtf-drucker-flexline-dtf800x3\/\"  target=\"_self\" itemprop=\"url\">\n\t\t\t\t<img decoding=\"async\" src=\"https:\/\/www.digitran.de\/wp-content\/uploads\/2025\/05\/FlexLine-DTF800x3-Freigestellt-1-1024x758.jpg\" alt=\"DIGITRAN FLexLine DTF800x3\" itemprop=\"image\" height=\"526\" width=\"710\" title=\"DIGITRAN FLexLine DTF800x3\" onerror=\"this.style.display='none'\" loading='lazy' \/>\n\t\t\t\t<\/a>\n\t\t<h3><a href=\"https:\/\/www.digitran.de\/textildruck\/dtf-drucker\/dtf-drucker-flexline-dtf800x3\/\" target=\"_self\">FlexLine DTF800x3<\/a><\/h3><p>Die FlexLine DTF800x3 ist der Drucker f\u00fcr gr\u00f6\u00dfere Farbr\u00e4ume und besondere Designs. Mit 3 Druckk\u00f6pfen k\u00f6nnen neben CMYK und Wei\u00df auch <strong>Sonderfarben<\/strong> wie Rot oder Blau ebenso wie fluoreszierende <strong>&#8220;Neon&#8221;-Farben<\/strong> verdruckt werden.<\/p>\nMaximale Bahnbreite: 80cm<br \/>\nK\u00f6pfe: 3x EPSON i3200-A1<br \/>\nFarben: CMYK + Sonderfarben + WWWW<br \/>\nSonderfarben: Rot, Gr\u00fcn, Blau, Orange<br \/>\nFluoreszierende Farben: Rot, Gr\u00fcn, Gelb, Orange<br \/>\nMax. Speed ca.: 14m\u00b2\/Std.<br \/>\nFeatures: motorisierter Abwickler, autom. Reinigungszyklen, Tintenzirkulation in Wei\u00df, Tinten-Alarm u.v.m.\n\t\t\t<a href=\"https:\/\/www.digitran.de\/textildruck\/dtf-drucker\/dtf-drucker-flexline-dtf800x3\/\" target=\"_self\">\n\t\t\t\t\t\t\tMehr erfahren\n\t\t\t\t\t<\/a>\n\t\t\t\t<a href=\"https:\/\/www.digitran.de\/textildruck\/dtf-drucker-flexline-dtf600-mk2\/\"  target=\"_self\" itemprop=\"url\">\n\t\t\t\t<img decoding=\"async\" src=\"https:\/\/www.digitran.de\/wp-content\/uploads\/2024\/02\/DIGITRAN-FlexLine-DTF300_freigestellt-1024x713.png\" alt=\"DTF Drucker - FlexLine DTF300\" itemprop=\"image\" height=\"494\" width=\"710\" title=\"DTF Drucker - FlexLine DTF300\" onerror=\"this.style.display='none'\" loading='lazy' \/>\n\t\t\t\t<\/a>\n\t\t<h3><a href=\"https:\/\/www.digitran.de\/textildruck\/dtf-drucker-flexline-dtf600-mk2\/\" target=\"_self\">FlexLine DTF300<\/a><\/h3><p><strong>Kompakter DTF Drucker<\/strong> f\u00fcr den Einstieg. Die kleine FlexLine DTF300 ist perfekt f\u00fcr den Anfang und kleine Auflagen. Mit 30cm Druckbreite k\u00f6nnen Formate bis DIN-A3 umgesetzt werden. Dank der platzsparenden Gr\u00f6\u00dfe kann dieser Drucker in fast jedem Raum untergebracht werden.<\/p>\nBahnbreite: 30cm<br \/>\nK\u00f6pfe: 2x EPSON i3200-A1<br \/>\nFarben: CMYK + WWWW<br \/>\nMax. Speed ca.: 6m\u00b2\/Std.<br \/>\nBesondere Features: Vortemperierung der Folie, Stromsparend, 500ml Tintentanks u.v.m.\n\t\t\t<a href=\"https:\/\/www.digitran.de\/textildruck\/dtf-drucker-flexline-dtf600-mk2\/\" target=\"_self\">\n\t\t\t\t\t\t\tMehr erfahren\n\t\t\t\t\t<\/a>\n<h2>\n\t\t\tWeitere DTF L\u00f6sungen\t<\/h2>\n\t<p>Sie haben bereits einen DTF Drucker oder sind noch nicht bereit f\u00fcr einen? Dann finden Sie hier die passenden L\u00f6sungen.<\/p>\n\t\t\t\t<a href=\"https:\/\/www.digitran.de\/textildruck\/dtf-verbrauchsmaterialien\/\"  target=\"_self\" itemprop=\"url\">\n\t\t\t\t<img decoding=\"async\" src=\"https:\/\/www.digitran.de\/wp-content\/uploads\/2023\/06\/Folie-Tinte-Kleber-500x500-1-300x300.jpg\" alt=\"DTF Verbrauchsmaterialien - DTF Tinte - DTF Folie - DTF Kleber\" itemprop=\"image\" height=\"300\" width=\"300\" title=\"DTF Verbrauchsmaterialien - DTF Tinte - DTF Folie - DTF Kleber\" onerror=\"this.style.display='none'\" loading='lazy' \/>\n\t\t\t\t<\/a>\n<h3><a href=\"https:\/\/www.digitran.de\/textildruck\/dtf-verbrauchsmaterialien\/\" target=\"_self\">Verbrauchsmaterialien<\/a><\/h3><p>Hochwertige Verbrauchsmaterialien f\u00fcr den DTF-Druck. Vervollst\u00e4ndigen Sie Ihr DTF-Drucksetup mit unserem Sortiment an Premium-Verbrauchsmaterialien, die sorgf\u00e4ltig nach Kompatibilit\u00e4t und au\u00dfergew\u00f6hnlicher Leistung ausgew\u00e4hlt wurden.<\/p>\n<p><strong>Tinten<\/strong>: OEKO-TEX zertifizierte Pigmenttinten. Unsere farbintensiven Tinten sind stark dehnbar und k\u00f6nnen bei bis zu 60\u00b0C gewaschen werden.<\/p>\n<p><strong>Folien<\/strong>: DTF Folien sind speziell f\u00fcr dieses Verfahren gedacht. Herausragende Farbaufnahme, einen angenehmen Griff und antistatisch veredelt, dass ist unsere Instant-Peel Folie.<\/p>\n<p><strong>Kleber<\/strong>: Mit einer geringen Aktivierungstemperatur, kurzen Presszeiten und starker Haftung auf div. Materialien passen unsere Kleber-Pulver perfekt in jede Produktion.<\/p>\n\t\t\t<a href=\"https:\/\/www.digitran.de\/textildruck\/dtf-verbrauchsmaterialien\/\" target=\"_self\">\n\t\t\t\t\t\t\tMehr erfahren\n\t\t\t\t\t<\/a>\n\t\t\t\t<a href=\"https:\/\/www.digitran.de\/textildruck\/dtf-transfers\/\"  target=\"_self\" itemprop=\"url\">\n\t\t\t\t<img decoding=\"async\" src=\"https:\/\/www.digitran.de\/wp-content\/uploads\/2023\/06\/PowPow-Transfer-500x500-1-300x300.jpg\" alt=\"DTF Transfers - Digitaldruck Transfers - Digital Transfers\" itemprop=\"image\" height=\"300\" width=\"300\" title=\"DTF Transfers - Digitaldruck Transfers - Digital Transfers\" onerror=\"this.style.display='none'\" loading='lazy' \/>\n\t\t\t\t<\/a>\n<h3><a href=\"https:\/\/www.digitran.de\/textildruck\/dtf-transfers\/\" target=\"_self\">DTF Transfers<\/a><\/h3><p>Fertige Transfers f\u00fcr den Start in den digitalen Textildruck. Die auf FlexLine DTF Druckern hergestellten digital gedruckten Transfers zeichnen sich durch au\u00dfergew\u00f6hnliche Farbintensit\u00e4t aus und sind gleichzeitig dehnbar, farbecht und langlebig.<\/p>\n<p>Au\u00dferdem k\u00f6nnen Sie durch die externen Transferdruck unabh\u00e4ngig von der eigentlichen Dekoration eine flexible und bedarfsgerechte Produktionsplanung umsetzten. Von wenigen Motiven bis zum Gro\u00dfauftrag, wir liefern in weniger als 5 Werktagen.<\/p>\n<p>Gedruckt als kosteng\u00fcnstige Rollenware oder komfortabler Zuschnitt im gew\u00fcnschten DIN-A-Format, Sie haben die Wahl.<\/p>\n<p>Ob f\u00fcr Firmenkleidung, Sportvereine oder Events &#8211; der DTF-Druck bietet unendlich viele M\u00f6glichkeiten.<\/p>\n\t\t\t<a href=\"https:\/\/www.digitran.de\/textildruck\/dtf-transfers\/\" target=\"_self\">\n\t\t\t\t\t\t\tMehr erfahren\n\t\t\t\t\t<\/a>\n\t\t\t\t<a href=\"https:\/\/www.digitran.de\/heisstransfermaschinen\/turbotran_61\/\"  target=\"_self\" itemprop=\"url\">\n\t\t\t\t<img decoding=\"async\" src=\"https:\/\/www.digitran.de\/wp-content\/uploads\/2023\/06\/TURBOTRAN-6.1-500x500-2-300x300.jpg\" alt=\"TURBOTRAN 6.1\" itemprop=\"image\" height=\"300\" width=\"300\" title=\"TURBOTRAN 6.1\" onerror=\"this.style.display='none'\" loading='lazy' \/>\n\t\t\t\t<\/a>\n<h3><a href=\"https:\/\/www.digitran.de\/heisstransfermaschinen\/turbotran_61\/\" target=\"_self\">Transfermaschinen &#038; Pressen<\/a><\/h3><p>Manuell bis automatisierte Effizienz. Das beste DTF Transfer kommt nur dann zur Geltung, wenn es perfekt appliziert wurde. Hierf\u00fcr stellen wir eine Auswahl an Transferpressen und Transfermaschinen zu Ihrer Seite.<\/p>\n<p>Vom Premium Modell zur vollautomatischen Transferveredelung bis zur verl\u00e4sslichen Clam-Shell Presse.<\/p>\n<p>F\u00fcr die Produktion ohne Kompressor bieten wir zudem vollelektrische Einzel- und Doppelpressen an. Den Komfort einer pneumatischen Presse, aber vollelektrisch.<\/p>\n\t\t\t<a href=\"https:\/\/www.digitran.de\/heisstransfermaschinen\/turbotran_61\/\" target=\"_self\">\n\t\t\t\t\t\t\tMehr erfahren\n\t\t\t\t\t<\/a>\n\t\t\t\t<a href=\"https:\/\/www.digitran.de\/blog\/\"  target=\"_self\" itemprop=\"url\">\n\t\t\t\t<img decoding=\"async\" src=\"https:\/\/www.digitran.de\/wp-content\/uploads\/2024\/02\/BLOG-Titel-500x500px-300x300.png\" alt=\"BLOG\" itemprop=\"image\" height=\"300\" width=\"300\" title=\"BLOG\" onerror=\"this.style.display='none'\" loading='lazy' \/>\n\t\t\t\t<\/a>\n<h3><a href=\"https:\/\/www.digitran.de\/blog\/\" target=\"_self\">Mehr Erfahren im Blog<\/a><\/h3><p>Vergleiche, How-Tos und weitere n\u00fctzliche Informationen finden Sie in unserem Blog.<\/p>\n<p>Hier kl\u00e4ren wir die wichtigen Fragen des Textildrucks wie &#8220;Was ist DTF Druck \u00fcberhaupt&#8221; oder &#8220;Wie Temperatur, Zeit und Druck zusammenspielen&#8221;.<\/p>\n<p>Werfen Sie einen Blick auf die aktuellsten Beitr\u00e4ge oder besuchen Sie unsere Social Media Kan\u00e4le f\u00fcr alle aktuellen News.<\/p>\n\t\t\t<a href=\"https:\/\/www.digitran.de\/blog\/\" target=\"_self\">\n\t\t\t\t\t\t\tZum Blog\n\t\t\t\t\t<\/a>\n\n","protected":false},"excerpt":{"rendered":"<p>DTF printers from DIGITRAN.<br \/>\nOur range of DTF (Direct to Film) printers extends from entry-level models with 30cm print width and 2 heads, to printers for larger quantities with 80cm print width and high-performance printers in 60cm with 5 heads.<br \/>\nAlways in combination with comprehensive software and high-quality, reliable substrates!<\/p>\n","protected":false},"author":4,"featured_media":4516,"parent":3620,"menu_order":0,"comment_status":"closed","ping_status":"closed","template":"","meta":{"footnotes":""},"class_list":["post-4519","page","type-page","status-publish","has-post-thumbnail","hentry"],"_links":{"self":[{"href":"https:\/\/www.digitran.de\/en\/wp-json\/wp\/v2\/pages\/4519","targetHints":{"allow":["GET"]}}],"collection":[{"href":"https:\/\/www.digitran.de\/en\/wp-json\/wp\/v2\/pages"}],"about":[{"href":"https:\/\/www.digitran.de\/en\/wp-json\/wp\/v2\/types\/page"}],"author":[{"embeddable":true,"href":"https:\/\/www.digitran.de\/en\/wp-json\/wp\/v2\/users\/4"}],"replies":[{"embeddable":true,"href":"https:\/\/www.digitran.de\/en\/wp-json\/wp\/v2\/comments?post=4519"}],"version-history":[{"count":3,"href":"https:\/\/www.digitran.de\/en\/wp-json\/wp\/v2\/pages\/4519\/revisions"}],"predecessor-version":[{"id":4867,"href":"https:\/\/www.digitran.de\/en\/wp-json\/wp\/v2\/pages\/4519\/revisions\/4867"}],"up":[{"embeddable":true,"href":"https:\/\/www.digitran.de\/en\/wp-json\/wp\/v2\/pages\/3620"}],"wp:featuredmedia":[{"embeddable":true,"href":"https:\/\/www.digitran.de\/en\/wp-json\/wp\/v2\/media\/4516"}],"wp:attachment":[{"href":"https:\/\/www.digitran.de\/en\/wp-json\/wp\/v2\/media?parent=4519"}],"curies":[{"name":"wp","href":"https:\/\/api.w.org\/{rel}","templated":true}]}}