{"id":4243,"date":"2024-02-07T16:45:54","date_gmt":"2024-02-07T15:45:54","guid":{"rendered":"https:\/\/www.digitran.de\/digitran-duovolt-fully-electric-double-heat-press\/"},"modified":"2024-03-15T15:44:28","modified_gmt":"2024-03-15T14:44:28","slug":"duovolt-electric-double-heat-press","status":"publish","type":"page","link":"https:\/\/www.digitran.de\/en\/textile-printing\/heat-transfer-presses\/duovolt-electric-double-heat-press\/","title":{"rendered":"DIGITRAN DuoVolt &#8211; fully electric double heat press"},"content":{"rendered":"\n<h1>\n\t\tDIGITRAN DuoVolt\n\t<\/h1>\n<h2>\n\t\tDie vollelektrische Doppel-Transferpresse zum Textildruck\n\t<\/h2>\n\t<p>Die DIGITRAN DuoVolt Swingpresse ist perfekt f\u00fcr Druckereien ohne Druckluft. Durch den vollelektrischen Betrieb reicht der Anschluss an eine 230V Steckdose und die Produktion kann losgehen. Durch die zwei Arbeitsfl\u00e4chen kann man bereits das zweite Textil auflegen, w\u00e4hrend das erste noch gepresst wird.<\/p>\n<p><strong>Vollautomatik-Modus:<\/strong> Im Vollautomatischen Betrieb \u00fcbernimmt die Presse alle Bewegungen selbst. Vom Schlie\u00dfen und \u00d6ffnen der Presse selbst bis zum Verfahren zwischen den beiden Platten. Zudem k\u00f6nnen 3 Presszeiten f\u00fcr Vor-, Haupt- und Nachpressen individuell eingestellt werden. Somit kann sich der Bediener ganz auf das Textil und die Transfers konzentrieren.<\/p>\n<p>Alternativ kann sie manuell per 2-Knopf-Schaltung zum \u00f6ffnen und schlie\u00dfen der Presse und einem Fu\u00dftaster f\u00fcr das Verfahren des Kopfes betrieben werden.<\/p>\nDurch eine gleichm\u00e4\u00dfige Beheizung der Fl\u00e4che und einen ausgewogenen Anpressdruck kann die gesamte Oberfl\u00e4che effizient genutzt werden. Dar\u00fcber hinaus ist die Unterseite der Heizfl\u00e4che mit einer Antihaftbeschichtung versehen.<br \/>\nLaser \u00fcber den Platten erleichtern das Aufziehen der Textilien und das Positionieren der Transfers.\n<p>Die Unterkonstruktion l\u00e4sst zudem Platz um T-shirts, Polos oder andere Textilien m\u00f6glichst weit aufzuziehen. Diverse Wechselpaletten machen den Druck von Taschen, Nackenlabels, \u00c4rmel, Cappies und vielen weiteren Anwendungen m\u00f6glich.<\/p>\n<p>Mit einer Maximaltemperatur von 230\u00b0C kann diese Doppel-Transferpresse sowohl f\u00fcr DTF, Siebdruck, Vinyl und Toner-Transfers genutzt werden.<\/p>\n\t<h3>Eigenschaften<\/h3>\n\t<p>Maximale Transfergr\u00f6\u00dfe: 40x50cm<\/p>\n<p>Temperatur: 0 &#8211; 230\u00b0C (0-446\u00b0F)<\/p>\n<p>Mit Laser als Positionierhilfe<\/p>\n<p>Digitale Multifunktions-Anzeige<\/p>\n<p>Vollautomatischer Betrieb<\/p>\n<p>Konstante Temperatur und Druck<\/p>\n\t<p>Vollelektrisch, ohne Kompressor<\/p>\n<p>Platz zum Aufziehen der Textilien<\/p>\n<p>Austauschbare Paletten<\/p>\n<p>Optional mit Unterkonstruktion<\/p>\n<p>Stromanschluss: 230V \/ 50Hz (max. 2000W)<\/p>\n<p>Anpressdruck: Max. ~400g\/cm\u00b2<\/p>\n\t\t<h3>Jetzt Anfragen<\/h3>\n\t\t<p>Die elektrische Doppelpresse f\u00fcr dem Transferdruck.<\/p>\n\t\t\t<a href=\"https:\/\/www.digitran.de\/en\/contact\/\" target=\"_self\" rel=\"noopener\">\n\t\t\t\t\t\t\tKontakt Aufnehmen\n\t\t\t\t\t<\/a>\n<h2>\n\t\tDer passende DTF Drucker zur Transferpresse\n\t<\/h2>\n\t<iframe width=\"1064\" height=\"598\" src=\"https:\/\/www.youtube.com\/embed\/Xkf0oD7W6eQ?si=0rbHZ308ODeQJWJ0\" title=\"YouTube video player\" frameborder=\"0\" allow=\"accelerometer; autoplay; clipboard-write; encrypted-media; gyroscope; picture-in-picture; web-share\" allowfullscreen><\/iframe>\n\t<h3>Eigenschaften<\/h3>\n\t<p>Wasserbasierte Tinte mit OEKO-TEX<\/p>\n<p>Max. Aufl\u00f6sung von 720x2400dpi<\/p>\n<p>2 Druckkopf-System<\/p>\n<p>Farbprofile f\u00fcr unterschiedliche Anwendungen<\/p>\n<p>Druck, Pulver und Trocknung in Linie<\/p>\n<p>Extreme Farbgenauigkeit dank Color Management<\/p>\n<p>Wei\u00df-Zirkulationspumpe und R\u00fchrwerk<\/p>\n\t<p>Automatische Reinigungszyklen<\/p>\n<p>Effiziente Druckbreite von 600mm<\/p>\n<p>Maximale Druckqualit\u00e4t bei bis zu 14m\u00b2\/Std.<\/p>\n<p>4, 6 und 8-Pass Druckmodi<\/p>\n<p>F\u00fcr diverse Textilien und Anwendungen<\/p>\n<p>Perfekte Dehn- und Waschbarkeit<\/p>\n<p>Ma\u00dfe ca. 1,4 x 2,5m<\/p>\n\t<p>Mit unserer DIGITRAN FlexLine DTF600 MK-II k\u00f6nnen Sie ihre Transfer Produktion um eine perfekte, digitale L\u00f6sung erweitern. Perfekt f\u00fcr kleinere Losgr\u00f6\u00dfen, vielfarbige Designs und kurze Reaktionszeiten.<\/p>\n\t\t\t<a href=\"https:\/\/www.digitran.de\/en\/textile-printing\/dtf-printer\/dtf-printer-flexline-dtf600-mk2\/\" target=\"_self\" rel=\"noopener\">\n\t\t\t\t\t\t\tMehr zum DTF Drucker\n\t\t\t\t\t<\/a>\n<h1>\n\t\tWarum DTF (Direct To Foil\/Film) Druck\n\t<\/h1>\n<h2>\n\t\tDTF Textil-Transfers &#8211; Perfekt f\u00fcr kleine und mittlere Losgr\u00f6\u00dfen\n\t<\/h2>\n\t<p>In-Line DTF Drucker sind die perfekte L\u00f6sung, wenn es um kleine und mittlere Losgr\u00f6\u00dfen geht. Da keine R\u00fcstvorg\u00e4nge f\u00fcr den Druck notwendig sind, lassen sich jegliche Farbe, Form und Gr\u00f6\u00dfe in k\u00fcrzester Zeit drucken. Mit unserem System lassen sich zudem unterschiedliche Wei\u00df-Schichtst\u00e4rken drucken. Somit kann auf einem hellen Textil Tinte eigespart und auf einem dunklen die maximale Farbdeckung erreicht werden.<\/p>\n<p>Die im digital gedruckten Transfers zeichnen sich zudem durch eine herausragende Farbintensit\u00e4t aus. Ebenso lassen sie sich schnell und einfach auf Baumwolle, Polyester, 50\/50 Mischungen und diversen weiteren Materialien applizieren. Dabei sind sie dehnbar, farbecht und lange haltbar.<\/p>\n<p>Ein weitere Vorteil liegt darin, dass die Transfers unabh\u00e4ngig von der Veredelung produziert werden k\u00f6nnen. Somit k\u00f6nnen sie f\u00fcr anstehende Auftr\u00e4ge vorbereitet und in der Dekoration nach Bedarf abgerufen werden. Auf jeder Transferpresse k\u00f6nnen so Siebdruck, Vinyl und digitale Transfers kombiniert eingesetzt werden. Ob 100.000 einfarbige Siebdrucke, geplottetes Silber-Vinyl oder digitale Foto-Prints.<\/p>\n<h2>\n\t\tSie suchen nur Transfers?\n\t<\/h2>\n\t<p>Auch hier k\u00f6nnen wir Ihnen helfen. Wir liefern Ihnen ihre Druckbilder in allen g\u00e4ngigen DIN-A Formaten. Perfekt f\u00fcr T-Shirts, Taschen oder Hoodies als Arbeits-, Sport- oder Freizeitkleidung. Baumwolle, Polyerster sowie Blends lassen sich mit unseren Transfers veredeln. Zudem bieten wir unterschiedlichen Varianten f\u00fcr helle und dunkle Textilien sowie die passenden Einstellungen f\u00fcr Ihr Textil.<\/p>\n<p>Unsere digital gedruckten Transfers in allen St\u00fcckzahlen von 1 bis 10.000 St\u00fcck verf\u00fcgbar und in wenigen Tagen gedruckt und verschickt. Schreiben Sie uns einfach eine kurze Nachricht mit der angedachten Menge, Gr\u00f6\u00dfe und Anwendung und wir schicken Ihnen ein unverbindliches Angebot zur\u00fcck.<\/p>\n\t\t\t<a href=\"https:\/\/www.digitran.de\/en\/contact\/\" target=\"_self\" rel=\"noopener\">\n\t\t\t\t\t\t\tJetzt Transfers Anfragen\n\t\t\t\t\t<\/a>\n\n","protected":false},"excerpt":{"rendered":"<p>DIGITRAN DuoVolt Die vollelektrische Doppel-Transferpresse zum Textildruck Die DIGITRAN DuoVolt Swingpresse ist perfekt f\u00fcr Druckereien ohne Druckluft. Durch den vollelektrischen Betrieb reicht der Anschluss an eine 230V Steckdose und die Produktion kann losgehen. Durch die zwei Arbeitsfl\u00e4chen kann man bereits<\/p>\n","protected":false},"author":4,"featured_media":4244,"parent":4245,"menu_order":0,"comment_status":"closed","ping_status":"closed","template":"","meta":{"footnotes":""},"class_list":["post-4243","page","type-page","status-publish","has-post-thumbnail","hentry"],"_links":{"self":[{"href":"https:\/\/www.digitran.de\/en\/wp-json\/wp\/v2\/pages\/4243","targetHints":{"allow":["GET"]}}],"collection":[{"href":"https:\/\/www.digitran.de\/en\/wp-json\/wp\/v2\/pages"}],"about":[{"href":"https:\/\/www.digitran.de\/en\/wp-json\/wp\/v2\/types\/page"}],"author":[{"embeddable":true,"href":"https:\/\/www.digitran.de\/en\/wp-json\/wp\/v2\/users\/4"}],"replies":[{"embeddable":true,"href":"https:\/\/www.digitran.de\/en\/wp-json\/wp\/v2\/comments?post=4243"}],"version-history":[{"count":0,"href":"https:\/\/www.digitran.de\/en\/wp-json\/wp\/v2\/pages\/4243\/revisions"}],"up":[{"embeddable":true,"href":"https:\/\/www.digitran.de\/en\/wp-json\/wp\/v2\/pages\/4245"}],"wp:featuredmedia":[{"embeddable":true,"href":"https:\/\/www.digitran.de\/en\/wp-json\/wp\/v2\/media\/4244"}],"wp:attachment":[{"href":"https:\/\/www.digitran.de\/en\/wp-json\/wp\/v2\/media?parent=4243"}],"curies":[{"name":"wp","href":"https:\/\/api.w.org\/{rel}","templated":true}]}}