{"id":3745,"date":"2023-08-22T16:42:14","date_gmt":"2023-08-22T14:42:14","guid":{"rendered":"https:\/\/www.digitran.de\/digital-heat-transfer-printing-for-airless-dispensers\/"},"modified":"2026-01-20T14:25:00","modified_gmt":"2026-01-20T13:25:00","slug":"digital-heat-transfer-printing-for-airless-dispensers","status":"publish","type":"page","link":"https:\/\/www.digitran.de\/en\/heat-transfer-printing-service\/digital-heat-transfer-printing-for-airless-dispensers\/","title":{"rendered":"Digital Heat Transfer Printing for Airless Dispensers"},"content":{"rendered":"\n<h1>\n\t\tAirless Spender bedrucken im Digitaldruck\n\t<\/h1>\n<h2>\n\t\tIndividuelle Bedruckung bereits ab 200 Stk.\n\t<\/h2>\n\t<p>DIGITRAN bietet Ihnen die optimale L\u00f6sung f\u00fcr das digitale Bedrucken von Airless Spendern. Hierbei k\u00f6nnen Sie eigene Produkte stellen oder diese direkt mit von uns beziehen. Mit unserer digitalen Drucktechnologie k\u00f6nnen wir aus jedem Spender ein Unikat machen und Ihre Marke in den Mittelpunkt r\u00fccken. Hierf\u00fcr drucken wir mit fotorealistischen, 1200dpi in einem Verfahren ohne VOCs und UV. Vom Full-Service bis zum einzelnen Puzzleteil sind wir f\u00fcr Sie da.<\/p>\n<p>&nbsp;<\/p>\n<p>Bereits ab 200 St\u00fcck k\u00f6nnen wir Airless Spender bedrucken. Vom Start-Up \u00fcber Sondereditionen bis hin zur regul\u00e4ren Serie sind wir an Ihrer Seite. Auch personalisierte und serialisierte Designs k\u00f6nnen wir f\u00fcr Sie drucken. Von fortlaufenden Nummern und Codes bis zu Sprachen oder Namen. Jeder Airless Spender kann individualisiert und somit zu einem Unikat werden.<\/p>\n<h2>\n\t\tUnsere Airless Spender\n\t<\/h2>\n\t\t\t\t<a href=\"https:\/\/www.digitran.de\/wp-content\/uploads\/2023\/08\/734A3415-Bearbeitet-copy_srgb-scaled.jpg\" target=\"_self\" itemprop=\"url\" rel=\"noopener\">\n\t\t\t\t<img decoding=\"async\" src=\"https:\/\/www.digitran.de\/wp-content\/uploads\/2023\/08\/734A3415-Bearbeitet-copy_srgb-1024x1024.jpg\" alt=\"Airless Spender bedrucken 50ml - DIGITRAN\" itemprop=\"image\" height=\"710\" width=\"710\" title=\"Airless Spender bedrucken 50ml - DIGITRAN\" onerror=\"this.style.display='none'\">\n\t\t\t\t<\/a>\n\t<p>50ml<\/p>\n<p>Gesamth\u00f6he: 148mm<\/p>\n<p>H\u00f6he (Druckfl\u00e4che): 110mm<\/p>\n<p>Durchmesser: 30mm<\/p>\n\t\t\t<a href=\"mailto:anfrage@digitran.de?subject=Anfrage 50ml Airless\" target=\"_self\" rel=\"noopener\">\n\t\t\t\t\t\t\t50ml Anfragen\n\t\t\t\t\t<\/a>\n\t\t\t\t<a href=\"https:\/\/www.digitran.de\/wp-content\/uploads\/2023\/08\/Airless-Spender-bedruckt-30ml-DIGITRAN-1-scaled.jpg\" target=\"_self\" itemprop=\"url\" rel=\"noopener\">\n\t\t\t\t<img decoding=\"async\" src=\"https:\/\/www.digitran.de\/wp-content\/uploads\/2023\/08\/Airless-Spender-bedruckt-30ml-DIGITRAN-1-1024x1024.jpg\" alt=\"Airless Spender bedrucken 30ml - DIGITRAN\" itemprop=\"image\" height=\"710\" width=\"710\" title=\"Airless Spender bedrucken 30ml - DIGITRAN\" onerror=\"this.style.display='none'\">\n\t\t\t\t<\/a>\n\t<p>30ml<\/p>\n<p>Gesamth\u00f6he: 110mm<\/p>\n<p>H\u00f6he (Druckfl\u00e4che): 73mm<\/p>\n<p>Durchmesser: 30mm<\/p>\n\t\t\t<a href=\"mailto:anfrage@digitran.de?subject=Anfrage 30ml Airless\" target=\"_self\" rel=\"noopener\">\n\t\t\t\t\t\t\t30ml Anfragen\n\t\t\t\t\t<\/a>\n\t\t\t\t<a href=\"https:\/\/www.digitran.de\/wp-content\/uploads\/2023\/08\/Airless-Spender-bedruckt-15ml-DIGITRAN-1-1024x1024.jpg\" target=\"_self\" itemprop=\"url\" rel=\"noopener\">\n\t\t\t\t<img decoding=\"async\" src=\"https:\/\/www.digitran.de\/wp-content\/uploads\/2023\/08\/Airless-Spender-bedruckt-15ml-DIGITRAN-1-1024x1024.jpg\" alt=\"Airless Spender bedrucken 15ml - DIGITRAN\" itemprop=\"image\" height=\"710\" width=\"710\" title=\"Airless Spender bedrucken 15ml - DIGITRAN\" onerror=\"this.style.display='none'\">\n\t\t\t\t<\/a>\n\t<p>15ml<\/p>\n<p>Gesamth\u00f6he: 80mm<\/p>\n<p>H\u00f6he (Druckfl\u00e4che): 43mm<\/p>\n<p>Durchmesser: 30mm<\/p>\n\t\t\t<a href=\"mailto:anfrage@digitran.de?subject=Anfrage 15ml Airless\" target=\"_self\" rel=\"noopener\">\n\t\t\t\t\t\t\t15ml Anfragen\n\t\t\t\t\t<\/a>\n\tUnsere Airless Spender sind mit Pumpk\u00f6pfen ausger\u00fcstet die pro Hub 0,3ml der Formulierung ausgeben. Zudem erf\u00fcllen Sie die ECOCERT\/COSMOS Standards f\u00fcr Bio- oder Naturkosmetik.<br>\nDie Bef\u00fcllung von Oben macht es einfach diverse F\u00fcllg\u00fcter unterschiedlicher Viskosit\u00e4ten einzusetzen.\n<h2>\n\t\tAirless Spender bedrucken lassenLohndekoration als Service, auch f\u00fcr kleine St\u00fcckzahlen\n\t<\/h2>\n\t<p>Gerade f\u00fcr die Bedruckung kleiner St\u00fcckzahlen bietet unser Dekorations-Service einen hohen Mehrwert. Hierbei k\u00f6nnen Sie ihre Airless Spender mit unseren DIGITRAN Hei\u00dftransferbildern bedrucken lassen.<\/p>\n<p>&nbsp;<\/p>\n<p><strong>Schnell und Einfach<\/strong><\/p>\n<p>Mit einem eigenen Lager k\u00f6nnen wir Ihre Airless Spender direkt bei uns aufbewahren und Just-in-Time f\u00fcr Sie veredeln. Alternativ k\u00f6nnen Sie sich einen unserer Spender aussuchen und bedrucken lassen. Um einen raschen und zuverl\u00e4ssigen Ablauf zu gew\u00e4hrleisten, haben wir eine Vielzahl von Maschinen einsatzbereit. Durch enge Partnerschaften in der Branche garantieren wir nicht nur au\u00dfergew\u00f6hnliche Qualit\u00e4t, sondern auch die Flexibilit\u00e4t, selbst geringste St\u00fcckzahlen bedrucken zu k\u00f6nnen. Vom Erhalt des Auftrags bis zur vollendeten Produktion vergehen so nur wenige Wochen.<\/p>\n<p>&nbsp;<\/p>\n<p><strong>Kleine Produktionsmengen und Individualisierung<\/strong><\/p>\n<p>Unabh\u00e4ngig davon, ob es um 200 oder 100.000 Airless Spender geht, spielt die Menge keine Rolle. Sogar das Bedrucken von verschiedenen Motiven sowie personalisierten Designs stellt keine Herausforderung dar. Hierbei besteht die M\u00f6glichkeit, beispielsweise ein Druckmotiv in mehreren Sprachen zu realisieren, ohne dass zus\u00e4tzliche Vorbereitungen n\u00f6tig sind. Von neuen Produkten und limitierten Editionen bis hin zu Start-ups, Influencern und kreativen Konzepten &#8211; bei uns haben Sie die Gelegenheit, Ihre Airless Spender nach Ihren Vorstellungen zu gestalten.<\/p>\n<p>&nbsp;<\/p>\n<p><strong>Individuelle Anforderungen und Spezialanfertigungen<\/strong><\/p>\n<p>Sie m\u00f6chten Ihr Produkt in einem besonderen Airless Spender abf\u00fcllen oder suchen nach einem Produkt, dass Sie nicht auf unserer Website finden. Mit unserem Netzwerk in der Beauty- und Kosmetikindustrie k\u00f6nnen wir helfen die passende L\u00f6sung zu finden.<\/p>\n\t\t<h3>Sprechen Sie uns an<\/h3>\n\t\t<p>und \u00fcberzeugen Sie sich selbst von der Qualit\u00e4t der DIGITRAN-Verfahrens.<\/p>\n\t\t\t<a href=\"https:\/\/www.digitran.de\/en\/contact\/\" target=\"_self\" rel=\"noopener\">\n\t\t\t\t\t\t\tMehr Informationen\n\t\t\t\t\t<\/a>\n<h2>\n\t\tAirless Spender bedrucken im digitalen Hei\u00dftransfer\n\t<\/h2>\n\t<p>Airless Spender, die mit unseren digitalen Hei\u00dftransfers bedruckt werden, zeichnen sich durch eine Reihe nennenswerter Eigenschaften aus. Diese Veredelungsmethode bietet nicht nur Sicherheit, sondern auch Unbedenklichkeit. Hierbei werden weder L\u00f6sungsmittel noch UV-h\u00e4rtende Monomere verwendet. Zus\u00e4tzlich konnte bislang keinerlei Migration von unseren Hei\u00dftransferbildern auf den bedruckten Airless Spendern beobachtet werden. Dies gew\u00e4hrleistet, dass die Inhaltsstoffe nicht durch aufgetragene Farben verunreinigt werden. Zugleich erzielen die gedruckten Bilder einen exquisiten Glanz und eine angenehme Haptik. Optional ist auch eine matte Oberfl\u00e4che machbar.<\/p>\n<p>Ein weiterer Vorzug dieses Verfahrens liegt in seiner Effizienz. Sobald das Hei\u00dftransferbild auf den Airless Spender appliziert ist, ist der Dekorationsprozess abgeschlossen. Es bedarf keiner weiteren Aush\u00e4rte- oder Abk\u00fchlungsphasen, wodurch der Airless Spender unmittelbar weiterverarbeitet werden kann.<\/p>\n<p>Um Ihnen den Ablauf so m\u00fchelos wie m\u00f6glich zu gestalten, bieten wir ein umfassendes Leistungsangebot im Bereich Airless Spender-Veredelung. Dies umfasst nicht nur den Digitaldruck der Hei\u00dftransferbilder und unseren Dekorations-Service, sondern auch die Bereitstellung von Ausr\u00fcstung. Hierbei stehen s\u00e4mtliche Optionen zur Auswahl.<\/p>\n<p>Ganz gleich, ob Sie selbst dekorieren m\u00f6chten oder eine Dekoration in Auftrag geben, das Verfahren eignet sich f\u00fcr eine Vielzahl von Airless Spender-Arten.<\/p>\n<p>Kurzum: Dieses einzigartige, umweltfreundliche Produkt bietet eine vielseitige L\u00f6sung f\u00fcr die digitale Veredelung von Airless Spendern!<\/p>\n\t\t<h3>Angebot einholen<\/h3>\n\t\t<p>und Ihr n\u00e4chstes Projekt schnell und kosteng\u00fcnstig umsetzen.<\/p>\n\t\t\t<a href=\"https:\/\/www.digitran.de\/en\/contact\/\" target=\"_self\" rel=\"noopener\">\n\t\t\t\t\t\t\tAnfragen\n\t\t\t\t\t<\/a>\n\t\t\t\t<img decoding=\"async\" src=\"https:\/\/www.digitran.de\/wp-content\/uploads\/2023\/08\/Airless-Dispenser-Set-1536x1024.jpg\" alt=\"Airless Dispenser Set\" itemprop=\"image\" height=\"473\" width=\"710\" title=\"Airless Dispenser Set\" onerror=\"this.style.display='none'\">\n\t<p>Hier gelangen Sie zu weiterf\u00fchrenden Informationen zu unseren Produkten.<\/p>\n\t\t\t<a href=\"https:\/\/www.digitran.de\/en\/heat-transfer-printing-service\/digital-printing-cosmetic-tubes\/\" target=\"_self\" rel=\"noopener\">\n\t\t\t\t\t\t\tTuben Bedrucken\n\t\t\t\t\t<\/a>\n\t\t\t<a href=\"https:\/\/www.digitran.de\/en\/heattransferdecals\/\" target=\"_self\" rel=\"noopener\">\n\t\t\t\t\t\t\tMehr zu<br>HEISSTRANSFERBILDERN\n\t\t\t\t\t<\/a>\n\t\t\t<a href=\"https:\/\/www.digitran.de\/en\/digital-heat-transfer-printing-process\/\" target=\"_self\" rel=\"noopener\">\n\t\t\t\t\t\t\tMehr zum<br>DIGITRAN-Verfahren\n\t\t\t\t\t<\/a>\n\t<h3>Ihre Vorteile<\/h3>\t\t\n\t\t\t<li>Personalisierungen, Serialisierungen, fliegende Bildwechsel oder verschiedene Bildfolgen in einem Satz<\/li>\n<li>h\u00f6chste Passergenauigkeit der Farben zueinander<\/li>\n<li>hochaufl\u00f6sende, fotorealistische Bilder mit hoher mechanischer Resistenz<\/li>\n<li>edle Optik der Tuben durch herausragenden Glanz<\/li>\n<li>kein Anmischen der Farben, keine Reinigung der Druckwerke, keine UV-Trocken-Stationen<\/li>\n<li>keine r\u00e4umlichen Anforderungen wie Absaugungen, Klimatisierung oder Reinr\u00e4ume<\/li>\n<li>kurze R\u00fcst- \/ Vorlaufzeiten und einfaches Handling der Folien und Maschinensysteme<\/li>\n<li>schnelle und kosteneffiziente Umsetzung von kleinen und mittleren Losgr\u00f6\u00dfen<\/li>\n<li>jederzeit wiederholbare Bildqualit\u00e4t<\/li>\n<li>Lohndekoration oder Maschinensysteme verf\u00fcgbar<\/li>\n<li>Sicher und ungiftig<\/li>\n","protected":false},"excerpt":{"rendered":"<p>Airless Spender bedrucken im Digitaldruck Individuelle Bedruckung bereits ab 200 Stk. DIGITRAN bietet Ihnen die optimale L\u00f6sung f\u00fcr das digitale Bedrucken von Airless Spendern. Hierbei k\u00f6nnen Sie eigene Produkte stellen oder diese direkt mit von uns beziehen. Mit unserer digitalen<\/p>\n","protected":false},"author":4,"featured_media":3739,"parent":1066,"menu_order":0,"comment_status":"closed","ping_status":"closed","template":"","meta":{"footnotes":""},"class_list":["post-3745","page","type-page","status-publish","has-post-thumbnail","hentry"],"_links":{"self":[{"href":"https:\/\/www.digitran.de\/en\/wp-json\/wp\/v2\/pages\/3745","targetHints":{"allow":["GET"]}}],"collection":[{"href":"https:\/\/www.digitran.de\/en\/wp-json\/wp\/v2\/pages"}],"about":[{"href":"https:\/\/www.digitran.de\/en\/wp-json\/wp\/v2\/types\/page"}],"author":[{"embeddable":true,"href":"https:\/\/www.digitran.de\/en\/wp-json\/wp\/v2\/users\/4"}],"replies":[{"embeddable":true,"href":"https:\/\/www.digitran.de\/en\/wp-json\/wp\/v2\/comments?post=3745"}],"version-history":[{"count":1,"href":"https:\/\/www.digitran.de\/en\/wp-json\/wp\/v2\/pages\/3745\/revisions"}],"predecessor-version":[{"id":4855,"href":"https:\/\/www.digitran.de\/en\/wp-json\/wp\/v2\/pages\/3745\/revisions\/4855"}],"up":[{"embeddable":true,"href":"https:\/\/www.digitran.de\/en\/wp-json\/wp\/v2\/pages\/1066"}],"wp:featuredmedia":[{"embeddable":true,"href":"https:\/\/www.digitran.de\/en\/wp-json\/wp\/v2\/media\/3739"}],"wp:attachment":[{"href":"https:\/\/www.digitran.de\/en\/wp-json\/wp\/v2\/media?parent=3745"}],"curies":[{"name":"wp","href":"https:\/\/api.w.org\/{rel}","templated":true}]}}