{"id":3620,"date":"2023-06-02T10:58:54","date_gmt":"2023-06-02T08:58:54","guid":{"rendered":"https:\/\/www.digitran.de\/textile-printing\/"},"modified":"2026-01-20T15:14:24","modified_gmt":"2026-01-20T14:14:24","slug":"textile-printing","status":"publish","type":"page","link":"https:\/\/www.digitran.de\/en\/textile-printing\/","title":{"rendered":"Textile Printing"},"content":{"rendered":"\n<h1>\n\t\tL\u00f6sungen f\u00fcr den Textildruck mit Transfers\n\t<\/h1>\n<h2>\n\t\tDTF-Drucker | Transfers | Transferpressen | Tinte | Folie | Kleber\n\t<\/h2>\n\t<p>Ihre One-Stop-L\u00f6sung f\u00fcr DTF-Druck und Transfers.<\/p>\n<p>Verbessern Sie Ihren Textilveredelungsprozess mit DIGITRAN und bieten Sie ein umfassendes Angebot an hochmodernen DTF Druckern, effizienten Transferpressen und hochwertigen Verbrauchsmaterialien.<\/p>\n<p>Mit dem Fokus auf Qualit\u00e4t und Innovation bietet DIGITRAN fortschrittliche L\u00f6sungen f\u00fcr die Bedruckung von Textilien, die lebendige und dauerhafte Ergebnisse gew\u00e4hrleisten. Lassen Sie uns die Vorteile unserer DTF-Drucktechnologie, der TURBOTRAN 6.1 Transfermaschine und unserer hochwertigen Verbrauchsmaterialien kennenlernen.<\/p>\n<h2>\n\t\tTextildruck L\u00f6sungen und Produkte\n\t<\/h2>\n\t<p>Unser Angebot f\u00fcr die Bedruckung von T-Shirts, Hoodies, Taschen, Werbemittel sowie Arbeits- und Sportkleidung.<\/p>\n\t\t\t\t<a href=\"https:\/\/www.digitran.de\/en\/textile-printing\/dtf-printer\/dtf-printer-flexline-dtf600-mk2\/\" target=\"_self\" itemprop=\"url\" rel=\"noopener\">\n\t\t\t\t<img decoding=\"async\" src=\"https:\/\/www.digitran.de\/wp-content\/uploads\/2023\/06\/DIGITRAN-FlexLine-DTF600-MK2-freigestellt_trimmed_s.png\" alt=\"DTF-Drucker - DIGITRAN FlexLine DTF600 MK-II\" itemprop=\"image\" height=\"533\" width=\"576\" title=\"DTF-Drucker - DIGITRAN FlexLine DTF600 MK-II\" onerror=\"this.style.display='none'\"  \/>\n\t\t\t\t<\/a>\n\t\t<h3><a href=\"https:\/\/www.digitran.de\/en\/textile-printing\/dtf-printer\/dtf-printer-flexline-dtf600-mk2\/\" target=\"_self\" rel=\"noopener\">DTF-Drucker<\/a><\/h3><p>Erleben Sie die Vorteile des Direct to Film (DTF) Drucks mit DIGITRAN. Unsere DTF-Drucker sind ideal f\u00fcr kleine und mittlere Druckauflagen und bieten unvergleichliche Vielseitigkeit und Effizienz. Da keine Einrichtungszeit erforderlich ist, k\u00f6nnen Sie jede Farbe, Form und Gr\u00f6\u00dfe in Rekordzeit drucken. Unsere DTF-Systeme erm\u00f6glichen eine variable St\u00e4rke der wei\u00dfen Tinte, wodurch bei hellen Textilien Tinte eingespart und bei dunklen Stoffen eine maximale Farbabdeckung erzielt werden kann. Zudem profilieren wir unsere Drucker selbst, damit die Farben so genau wie m\u00f6glich gedruckt werden.<\/p>\n\t\t\t<a href=\"https:\/\/www.digitran.de\/en\/textile-printing\/dtf-printer\/dtf-printer-flexline-dtf600-mk2\/\" target=\"_self\" rel=\"noopener\">\n\t\t\t\t\t\t\tMehr erfahren\n\t\t\t\t\t<\/a>\n\t\t\t\t<a href=\"https:\/\/www.digitran.de\/en\/textile-printing\/dtf-transfers\/\" target=\"_self\" itemprop=\"url\" rel=\"noopener\">\n\t\t\t\t<img decoding=\"async\" src=\"https:\/\/www.digitran.de\/wp-content\/uploads\/2023\/06\/PowPow-Transfer-500x500-1.jpg\" alt=\"DTF Transfers - Digitaldruck Transfers - Digital Transfers\" itemprop=\"image\" height=\"500\" width=\"500\" title=\"DTF Transfers - Digitaldruck Transfers - Digital Transfers\" onerror=\"this.style.display='none'\"  \/>\n\t\t\t\t<\/a>\n\t\t<h3><a href=\"https:\/\/www.digitran.de\/en\/textile-printing\/dtf-transfers\/\" target=\"_self\" rel=\"noopener\">DTF Transfers<\/a><\/h3><p>Fertige Transfers f\u00fcr den Start in den digitalen Textildruck. Die digital gedruckten Transfers zeichnen sich durch au\u00dfergew\u00f6hnliche Farbintensit\u00e4t aus und sind gleichzeitig dehnbar, farbecht und langlebig. Au\u00dferdem k\u00f6nnen Sie durch die externen Transferdruck unabh\u00e4ngig von der eigentlichen Dekoration eine flexible und bedarfsgerechte Produktionsplanung umsetzten. Von wenigen Motiven bis zum Gro\u00dfauftrag, wir liefern in weniger als 5 Werktagen. Ob f\u00fcr Firmenkleidung, Sportvereine oder Events &#8211; der DTF-Druck bietet unendlich viele M\u00f6glichkeiten.<\/p>\n\t\t\t<a href=\"https:\/\/www.digitran.de\/en\/textile-printing\/dtf-transfers\/\" target=\"_self\" rel=\"noopener\">\n\t\t\t\t\t\t\tMehr erfahren\n\t\t\t\t\t<\/a>\n\t\t\t\t<a href=\"https:\/\/www.digitran.de\/en\/textile-printing\/dtf-consumables\/\" target=\"_self\" itemprop=\"url\" rel=\"noopener\">\n\t\t\t\t<img decoding=\"async\" src=\"https:\/\/www.digitran.de\/wp-content\/uploads\/2023\/06\/Folie-Tinte-Kleber-500x500-1.jpg\" alt=\"DTF Verbrauchsmaterialien - DTF Tinte - DTF Folie - DTF Kleber\" itemprop=\"image\" height=\"500\" width=\"500\" title=\"DTF Verbrauchsmaterialien - DTF Tinte - DTF Folie - DTF Kleber\" onerror=\"this.style.display='none'\"  \/>\n\t\t\t\t<\/a>\n\t\t<h3><a href=\"https:\/\/www.digitran.de\/en\/textile-printing\/dtf-consumables\/\" target=\"_self\" rel=\"noopener\">Verbrauchsmaterialien<\/a><\/h3><p>Hochwertige Verbrauchsmaterialien f\u00fcr den DTF-Druck. Vervollst\u00e4ndigen Sie Ihr DTF-Drucksetup mit unserem Sortiment an Premium-Verbrauchsmaterialien, die sorgf\u00e4ltig nach Kompatibilit\u00e4t und au\u00dfergew\u00f6hnlicher Leistung ausgew\u00e4hlt wurden. Unser Portfolio umfasst:<\/p>\n<p><strong>Tinten<\/strong>: OEKO-TEX zertifizierte Pigmenttinten sind der Kern eines haltbaren Transfers. Unsere farbintensiven Tinten sind stark dehnbar und k\u00f6nnen bei bis zu 60\u00b0C gewaschen werden.<\/p>\n<p><strong>Folien<\/strong>: Unsere DTF Folien sind speziell f\u00fcr dieses Verfahren gedacht. Insbesondere unsere Instant-Peel Folie bietet eine herausragende Farbaufnahme, einen angenehmen Griff und ist zudem antistatisch veredelt.<\/p>\n<p><strong>Kleber<\/strong>: Damit das Transfer auf dem Textil h\u00e4lt, haben wir entsprechende Hot-Melt-Pulver im Angebot. Mit einer geringen Aktivierungstemperatur, kurzen Presszeiten und starker Haftung auf div. Materialien passen sie perfekt in jede Produktion.<\/p>\n\t\t\t<a href=\"https:\/\/www.digitran.de\/en\/textile-printing\/dtf-consumables\/\" target=\"_self\" rel=\"noopener\">\n\t\t\t\t\t\t\tMehr erfahren\n\t\t\t\t\t<\/a>\n\t\t\t\t<a href=\"https:\/\/www.digitran.de\/en\/textile-printing\/heat-transfer-presses\/digitran-phoenix-heat-transfer-press\/\" target=\"_self\" itemprop=\"url\" rel=\"noopener\">\n\t\t\t\t<img decoding=\"async\" src=\"https:\/\/www.digitran.de\/wp-content\/uploads\/2022\/08\/DIGITRAN-Phoenix_s01-1024x1024.jpg\" alt=\"DIGITRAN Phoenix Transferpresse - Clamshell\" itemprop=\"image\" height=\"710\" width=\"710\" title=\"DIGITRAN Phoenix_s01\" onerror=\"this.style.display='none'\"  \/>\n\t\t\t\t<\/a>\n\t\t<h3><a href=\"https:\/\/www.digitran.de\/en\/textile-printing\/heat-transfer-presses\/digitran-phoenix-heat-transfer-press\/\" target=\"_self\" rel=\"noopener\">Transferpressen<\/a><\/h3><p>DIGITRAN Transferpressen sind das ultimative Werkzeug, um Ihrer Kreativit\u00e4t bei der Textilgestaltung freien Lauf zu lassen. Diese Hochleistungspressen stehen f\u00fcr gleichm\u00e4\u00dfige Temperaturen, Anpressdruck und konsistente Ergebnisse. Das Angebot reicht von Einsteiger-Modellen bis zur pneumatischen Doppelpresse. Mit einer gro\u00dfen Auswahl an Bodenplatten kann vom Nackenlabel bis zum XXL Druck alles appliziert werden. Ganz gleich, ob Sie T-Shirts, Kapuzenpullover oder andere Textilien bedrucken m\u00f6chten, mit DIGITRAN Transferpressen k\u00f6nnen Sie Ihre Designs mit beeindruckender Klarheit und Haltbarkeit zum Leben erwecken.<\/p>\n\t\t\t<a href=\"https:\/\/www.digitran.de\/en\/textile-printing\/heat-transfer-presses\/digitran-phoenix-heat-transfer-press\/\" target=\"_self\" rel=\"noopener\">\n\t\t\t\t\t\t\tMehr erfahren\n\t\t\t\t\t<\/a>\n\t\t\t\t<a href=\"https:\/\/www.digitran.de\/en\/heattransfermachines\/turbotran-6-1\/\" target=\"_self\" itemprop=\"url\" rel=\"noopener\">\n\t\t\t\t<img decoding=\"async\" src=\"https:\/\/www.digitran.de\/wp-content\/uploads\/2023\/06\/TURBOTRAN-6.1-500x500-2.jpg\" alt=\"TURBOTRAN 6.1\" itemprop=\"image\" height=\"500\" width=\"500\" title=\"TURBOTRAN 6.1\" onerror=\"this.style.display='none'\"  \/>\n\t\t\t\t<\/a>\n\t\t<h3><a href=\"https:\/\/www.digitran.de\/en\/heattransfermachines\/turbotran-6-1\/\" target=\"_self\" rel=\"noopener\">TURBOTRAN 6.1<\/a><\/h3><p>Automatisierte Effizienz: Wir stellen die TURBOTRAN 6.1 vor, unsere vollautomatische Transferdruck-L\u00f6sung f\u00fcr eine effiziente Textildekoration mit bis zu 600 Veredelungen pro Stunde. Dieses System verf\u00fcgt \u00fcber zwei Pressen, eine automatische Transferplatzierung, eine Peeling-Station f\u00fcr das Abziehen des Tr\u00e4germaterials und eine automatische Ausgabe der dekorierten Textilien. Mit ihren sechs Stationen ist die TURBOTRAN 6.1 dank ihrer ergonomischen Arbeitsh\u00f6he und dem kontaktlosen Startmechanismus f\u00fcr die Bedienung durch eine einzige Person ausgelegt.<\/p>\n\t\t\t<a href=\"https:\/\/www.digitran.de\/en\/heattransfermachines\/turbotran-6-1\/\" target=\"_self\" rel=\"noopener\">\n\t\t\t\t\t\t\tMehr erfahren\n\t\t\t\t\t<\/a>\n\t\t<h2><a href=\"https:\/\/www.digitran.de\/en\/contact\/\" target=\"_self\" rel=\"noopener\">Neue M\u00f6glichkeiten mit ma\u00dfgeschneiderten Designs: Textildruck mit Transfers<\/a><\/h2><p>In der sich st\u00e4ndig weiterentwickelnden Welt der Mode und pers\u00f6nlichen Ausdrucksweise ist es entscheidend, immer einen Schritt voraus zu sein. Hier kommen unsere revolution\u00e4ren DTF Textildruck-Transfers ins Spiel, die eine Welt der M\u00f6glichkeiten f\u00fcr Einzelpersonen und Unternehmen gleicherma\u00dfen er\u00f6ffnen. Egal, ob Sie ein Modeenthusiast, ein Werbemittel-H\u00e4ndler oder ein Gro\u00dfhersteller von Bekleidung sind &#8211; unsere wegweisende Technologie wird die Art und Weise, wie Sie Design und Anpassung angehen, neu definieren.<\/p>\n<p>Textildruck war noch nie so vielseitig und dynamisch. Unsere hochmoderne Transfer-Technologie erm\u00f6glicht es Ihnen, schlichte Textilien in Leinw\u00e4nde der Kreativit\u00e4t zu verwandeln. Egal, ob Sie ma\u00dfgeschneiderte Bekleidung, Werbeartikel oder personalisierte Accessoires gestalten m\u00f6chten &#8211; unsere Textildruck-Transfers sind der Schl\u00fcssel, um eine Welt endloser M\u00f6glichkeiten zu er\u00f6ffnen.<\/p>\n<p>Warum Textildruck mit Transfers und kein Direktdruck? Die Antwort liegt in der nahtlosen Fusion von Innovation und Bequemlichkeit. Unsere Transfers erm\u00f6glichen es, anspruchsvolle Designs und detaillierte Bilder m\u00fchelos auf Stoffe zu \u00fcbertragen, und gew\u00e4hrleisten dabei jedes Mal ein makelloses Finish. Der Prozess ist schnell, effizient und zeichnet sich durch bemerkenswerte Haltbarkeit aus &#8211; Ihre Kreationen bestehen die Zeit, ohne Kompromisse bei der Qualit\u00e4t einzugehen.<\/p>\n<p>Wir freuen uns Ihnen unsere L\u00f6sungen vom <a href=\"https:\/\/www.digitran.de\/en\/textile-printing\/dtf-printer\/dtf-printer-flexline-dtf600-mk2\/\">DTF-Drucker<\/a> bis zur <a href=\"https:\/\/www.digitran.de\/en\/heattransfermachines\/turbotran-6-1\/\">vollautomatische Hei\u00dftransfermaschine<\/a>\u00a0vorzustellen.<\/p>\n\t\t\t<a href=\"https:\/\/www.digitran.de\/en\/contact\/\" target=\"_self\" rel=\"noopener\">\n\t\t\t\t\t\t\tKontakt aufnehmen\n\t\t\t\t\t<\/a>\n\n","protected":false},"excerpt":{"rendered":"<p>L\u00f6sungen f\u00fcr den Textildruck mit Transfers DTF-Drucker | Transfers | Transferpressen | Tinte | Folie | Kleber Ihre One-Stop-L\u00f6sung f\u00fcr DTF-Druck und Transfers. Verbessern Sie Ihren Textilveredelungsprozess mit DIGITRAN und bieten Sie ein umfassendes Angebot an hochmodernen DTF Druckern, effizienten<\/p>\n","protected":false},"author":4,"featured_media":3343,"parent":0,"menu_order":0,"comment_status":"closed","ping_status":"closed","template":"","meta":{"footnotes":""},"class_list":["post-3620","page","type-page","status-publish","has-post-thumbnail","hentry"],"_links":{"self":[{"href":"https:\/\/www.digitran.de\/en\/wp-json\/wp\/v2\/pages\/3620","targetHints":{"allow":["GET"]}}],"collection":[{"href":"https:\/\/www.digitran.de\/en\/wp-json\/wp\/v2\/pages"}],"about":[{"href":"https:\/\/www.digitran.de\/en\/wp-json\/wp\/v2\/types\/page"}],"author":[{"embeddable":true,"href":"https:\/\/www.digitran.de\/en\/wp-json\/wp\/v2\/users\/4"}],"replies":[{"embeddable":true,"href":"https:\/\/www.digitran.de\/en\/wp-json\/wp\/v2\/comments?post=3620"}],"version-history":[{"count":2,"href":"https:\/\/www.digitran.de\/en\/wp-json\/wp\/v2\/pages\/3620\/revisions"}],"predecessor-version":[{"id":4857,"href":"https:\/\/www.digitran.de\/en\/wp-json\/wp\/v2\/pages\/3620\/revisions\/4857"}],"wp:featuredmedia":[{"embeddable":true,"href":"https:\/\/www.digitran.de\/en\/wp-json\/wp\/v2\/media\/3343"}],"wp:attachment":[{"href":"https:\/\/www.digitran.de\/en\/wp-json\/wp\/v2\/media?parent=3620"}],"curies":[{"name":"wp","href":"https:\/\/api.w.org\/{rel}","templated":true}]}}