{"id":3560,"date":"2023-05-10T14:42:40","date_gmt":"2023-05-10T12:42:40","guid":{"rendered":"https:\/\/www.digitran.de\/dtf-printer-digitran-flexline-dtf600-mk2\/"},"modified":"2025-10-28T08:35:07","modified_gmt":"2025-10-28T07:35:07","slug":"dtf-printer-flexline-dtf600-mk2","status":"publish","type":"page","link":"https:\/\/www.digitran.de\/en\/textile-printing\/dtf-printer\/dtf-printer-flexline-dtf600-mk2\/","title":{"rendered":"DTF Printer &#8211; DIGITRAN FlexLine DTF600 MK2"},"content":{"rendered":"\n<h1>\n\t\tDTF Drucker &#8211; DIGITRAN FlexLine DTF600 MK-II\n\t<\/h1>\n<h2>\n\t\tUnser bester DTF Drucker f\u00fcr digital gedruckte Textil-Transfers\n\t<\/h2>\n\t\t\t\t<img decoding=\"async\" src=\"https:\/\/www.digitran.de\/wp-content\/uploads\/2023\/05\/DIGITRAN-FlexLine-DTF600-MK2-freigestellt_trimmed-1024x947.png\" alt=\"DTF Drucker - DIGITRAN FlexLine DTF600 - Digitaldruck f\u00fcr Textil-Transfers\" itemprop=\"image\" height=\"657\" width=\"710\" title=\"DTF Drucker - DIGITRAN FlexLine DTF600 - Digitaldruck f\u00fcr Textil-Transfers\" onerror=\"this.style.display='none'\"  \/>\n\t<h3>Eigenschaften<\/h3>\n\t<p>Wasserbasierte Tinte mit <strong>OEKO-TEX<\/strong><\/p>\n<p>Max. Aufl\u00f6sung von <strong>720x2400dpi<\/strong><\/p>\n<p><strong>2 Druckkopf-System<\/strong><\/p>\n<p>Farbprofile f\u00fcr unterschiedliche Anwendungen<\/p>\n<p>Druck, Pulver und Trocknung in Linie<\/p>\n<p>Extreme Farbgenauigkeit dank Color Management<\/p>\n<p>Wei\u00df-Zirkulationspumpe und R\u00fchrwerk<\/p>\n\t<p>Automatische Reinigungszyklen<\/p>\n<p>Effiziente Druckbreite von <strong>600mm<\/strong><\/p>\n<p>Druckleistung von bei <strong>bis zu 14m\u00b2\/Std.<\/strong><\/p>\n<p>4, 6 und 8-Pass Druckmodi<\/p>\n<p>F\u00fcr diverse Textilien und Anwendungen<\/p>\n<p>Perfekte Dehn- und Waschbarkeit<\/p>\n<p>Ma\u00dfe ca. 1,4 x 2,5m<\/p>\n<h3>\n\t\tDIGITRAN FlexLine DTF600 MK-II &#8211; die n\u00e4chste Generation DTF Drucker.\n\t<\/h3>\n\t<p>MK-II (auch als Mark-2 oder MK-2) bekannt steht f\u00fcr eine zweite, neue Version eines bekannten Produktes. Mit diesem Direct to Film Drucker der zweiten Generation erm\u00f6glichen wir die schnelle und einfache Fertigung von Transfers f\u00fcr ihre Textilveredelung.<\/p>\n<p>Hierf\u00fcr wird die digitale Druckmaschine mit der FlexFinish600 MK-II Pulver- und Trocknungseinheit erweitert. Diese ist im Vergleich zum Vorg\u00e4ngermodell etwas gr\u00f6\u00dfer ausgelegt um eine gleichm\u00e4\u00dfigere Trocknung zu erm\u00f6glichen.<\/p>\n<p>Gleich geblieben ist, dass das Kleber-Pulver vollautomatisch in die Farbe eingestreut wird. Mit der nachfolgenden R\u00fctteleinheit wird zudem \u00fcbersch\u00fcssiger Kleber vollst\u00e4ndig entfernt. Zuletzt wird das Bild mit einer leistungsstarken IR-Einheit getrocknet und anschlie\u00dfend aufgewickelt. Jetzt hei\u00dft es die Druckbilder einfach abzunehmen, ggf. zuzuschneiden und zu verschicken oder selbst aufzubringen.<\/p>\n<p>Dank der energiesparenden Bauweise kann das Maschinensystem komplett \u00fcber regul\u00e4re Schuko-Steckdosen betrieben werden.<\/p>\n<p>Der DTF Drucker f\u00fcr eine schnelle, sichere und einfache Produktion!<\/p>\n\t\t\t<a href=\"mailto:info@digitran.de?subject=FlexLine%20DTF600%20MK-II%20Anfragen\" target=\"_self\" rel=\"noopener\">\n\t\t\t\t\t\t\tDirekt Anfragen\n\t\t\t\t\t<\/a>\n\t\t\t<a href=\"https:\/\/www.digitran.de\/wp-content\/uploads\/2023\/08\/Broschuere-DIGITRAN-FlexLine-MK-II-DEU_s.pdf\" target=\"_blank\" rel=\"noopener\">\n\t\t\t\t\t\tBrosch\u00fcre runterladen\n\t\t\t\t\t<\/a>\n\t<meta itemprop=\"name\" content=\"DTF Drucker - DIGITRAN FlexLine DTF600 MK-II\" \/><meta itemprop=\"uploadDate\" content=\"2023-09-22T00:00:00+00:00\" \/><meta itemprop=\"thumbnailUrl\" content=\"https:\/\/www.digitran.de\/wp-content\/uploads\/2023\/08\/Titelbild-Youtube-FlexLine-DTF600-MK-II_v2-1024x576.jpg\" \/><meta itemprop=\"description\" content=\"Demo Video - DIGITRAN FlexLine DTF600 MK-II - DTF Drucker\" \/><meta itemprop=\"contentUrl\" content=\"https:\/\/www.youtube.com\/embed\/Xkf0oD7W6eQ?si=doHDnR0yHh_D0ADT\" \/><meta itemprop=\"embedUrl\" content=\"https:\/\/www.youtube.com\/embed\/Xkf0oD7W6eQ?si=doHDnR0yHh_D0ADT\" \/><iframe width=\"1064\" height=\"582\" src=\"https:\/\/www.youtube.com\/embed\/Xkf0oD7W6eQ?si=doHDnR0yHh_D0ADT\" title=\"YouTube video player\" frameborder=\"0\" allow=\"accelerometer; autoplay; clipboard-write; encrypted-media; gyroscope; picture-in-picture; web-share\" allowfullscreen><\/iframe>\n<h2>\n\t\tDer DTF Drucker\n\t<\/h2>\n\t\t\t\t<img decoding=\"async\" src=\"https:\/\/www.digitran.de\/wp-content\/uploads\/2024\/02\/734A3238-1024x683.jpg\" alt=\"Direct to Film (DTF) Drucker - DIGITRAN FlexLine DTF600 MK-II\" itemprop=\"image\" height=\"474\" width=\"710\" title=\"Direct to Film (DTF) Drucker - DIGITRAN FlexLine DTF600 MK-II\" onerror=\"this.style.display='none'\"  \/>\n\t<p>Die digitale Druckmaschine aus diesem Direct To Foil\/Film (DTF) Maschinensystem ist mit 2 robusten EPSON i3200-A1 Druckk\u00f6pfen der aktuellen Generation ausgestattet. Diese k\u00f6nnen in CMYK, einem hochdeckenden Wei\u00df und einer Aufl\u00f6sung von bis zu 720x2400dpi drucken.<\/p>\n<p>Selbst feinste Elemente und Verl\u00e4ufe lassen sich somit darstellen. F\u00fcr eine saubere Qualit\u00e4t arbeiten wir zudem mit wasserbasierten, OEKO-TEX zertifizierten Tinten.<\/p>\nAutomatische Reinigungszyklen und Tintenzirkulation sorgen f\u00fcr eine maximale Haltbarkeit der Druckk\u00f6pfe.<br \/>\nDie Druckmaschine ist zudem f\u00fcr eine maximale Druckbreite von 600mm ausgelegt und kann passende Hot-Peel (hei\u00dfabziehend) oder Cold-Peel (kaltabziehend) Folien bedrucken.\n<h2>\n\t\tDer Pulver Automat\n\t<\/h2>\n\t\t\t\t<img decoding=\"async\" src=\"https:\/\/www.digitran.de\/wp-content\/uploads\/2024\/02\/734A3271-2-1024x1024.jpg\" alt=\"DTF Pulver Automat - FlexFinish MK-II\" itemprop=\"image\" height=\"710\" width=\"710\" title=\"DTF Pulver Automat - FlexFinish MK-II\" onerror=\"this.style.display='none'\"  \/>\n\t<p>Die FlexFinish600 MK-II Pulver-Einheit ist in Linie mit der Druckmaschine positioniert und f\u00fcr die Veredelung des Transfers zust\u00e4ndig. Mit einem gummierten Rakel wird das Hot-Melt-Pulver zerkleinert und \u00fcber das noch feuchte Druckbild verteilt. Anschlie\u00dfend wird das \u00fcbersch\u00fcssige Kleber-Pulver kontrolliert abgeklopft, sodass keine Reste mehr auf der unbedruckten Folie verbleiben.<\/p>\n<p>Mit einer effizienten IR-Trocknung wird das Bild dann getrocknet und mit dem Kleber verbunden. Damit dies m\u00f6glichst energieeffizient erfolgt, ist der Trocknungskanal isoliert. Zuletzt sorgt ein L\u00fcfter daf\u00fcr, dass das fertige Druckbild abgek\u00fchlt und ohne zu Verkleben als Rolle aufgewickelt werden kann.<\/p>\n<p>Gesteuert wird die Pulver-Einheit \u00fcber ein kompaktes Touch Display.<\/p>\n<h2>\n\t\tPerfektes Farbmanagement\n\t<\/h2>\n\t\t\t\t<img decoding=\"async\" src=\"https:\/\/www.digitran.de\/wp-content\/uploads\/2023\/07\/Color-Management-1.jpg\" alt=\"Farbmanagement DTF\" itemprop=\"image\" height=\"649\" width=\"1080\" title=\"Farbmanagement DTF\" onerror=\"this.style.display='none'\"  \/>\n\t<p>Damit Sie nicht nur sch\u00f6n, sondern auch richtig drucken, erstellen wir eigene Farbprofile f\u00fcr unsere Drucksysteme.<\/p>\n<p>F\u00fcr jeden Druckmodus, der mit der Maschine mitgeliefert wird, wurden entsprechende Testbilder gedruckt und vermessen. Aus diesen Messungen wird die Maschine kalibriert und ein ICC-Profil erstellt, damit die Farben im Druck so genau wie m\u00f6glich den Farben in der Datei entsprechen.<\/p>\n<p>Ob schwarz, farbig oder wei\u00df, f\u00fcr jeden Untergrund haben wir die passenden Farben. Zudem haben Sie diverse weitere Optionen Farben f\u00fcr Ihre Designs anzupassen. Von Highlight Wei\u00df \u00fcber das Aussparen von Wei\u00df, Schwarz oder einzelnen Farben bis zum einfachen, manuellen Anpassung einzelnen Farben ist alles m\u00f6glich.<\/p>\n\t\t<h3>Jetzt Muster oder Demo Anfragen<\/h3>\n\t\t<p>Und \u00fcberzeugen Sie sich selbst von der Qualit\u00e4t der DIGITRAN FlexLine DTF600 MK2.<\/p>\n\t\t\t<a href=\"https:\/\/www.digitran.de\/kontakt\/\" target=\"_self\" rel=\"noopener\">\n\t\t\t\t\t\t\tKontakt Aufnehmen\n\t\t\t\t\t<\/a>\n\t<h3>DTF Drucker von DIGITRAN<\/h3>\n\t<p>Alle Maschinen werden vor dem Versandt technisch und funktionell gepr\u00fcft, damit Sie eine sichere und verl\u00e4ssliche Druckmaschine erhalten.<\/p>\n<p>Auch die Installation k\u00f6nnen wir f\u00fcr Sie \u00fcbernehmen und somit f\u00fcr einen schnellen und unkomplizierten Start in den DTF Druck sorgen. Und sollte doch mal etwas nicht so funktionieren wie gedacht oder sich eine Frage ergeben ist unser Service f\u00fcr Sie da. Ob telefonisch, per Email oder direkt vor Ort.<\/p>\n<p><a href=\"https:\/\/www.digitran.de\/textildruck\/dtf-verbrauchsmaterialien\/\">Verbrauchsmaterialien<\/a> sowie Verschlei\u00df- und Ersatzteile bekommen Sie ebenfalls von uns. Ob Tinte, Kleber, Folie, Druckk\u00f6pfe, D\u00e4mpfer oder Software, alles kommt direkt aus unserem Lager und ist in k\u00fcrzester Zeit bei Ihnen.<\/p>\n<p>Mit uns k\u00f6nnen Sie ihre Transfer Produktion um eine zeitgerechte, digitale L\u00f6sung erweitern. Perfekt f\u00fcr kleinere Losgr\u00f6\u00dfen, vielfarbige Designs und kurze Reaktionszeiten.<\/p>\n<p>&nbsp;<\/p>\n\t\t\t<a href=\"https:\/\/www.digitran.de\/kontakt\/\" target=\"_self\" rel=\"noopener\">\n\t\t\t\t\t\t\tSprechen Sie uns an\n\t\t\t\t\t<\/a>\n<h2>\n\t\tWarum DTF (Direct To Foil\/Film) Druck\n\t<\/h2>\n<h3>\n\t\tDTF Textil-Transfers &#8211; Perfekt f\u00fcr kleine und mittlere Losgr\u00f6\u00dfen\n\t<\/h3>\n\t<p>In-Line DTF Drucker sind die perfekte L\u00f6sung, wenn es um kleine und mittlere Losgr\u00f6\u00dfen geht. Da keine R\u00fcstvorg\u00e4nge f\u00fcr den Druck notwendig sind, lassen sich jegliche Farbe, Form und Gr\u00f6\u00dfe in k\u00fcrzester Zeit drucken. Mit unserem System lassen sich zudem unterschiedliche Wei\u00df-Schichtst\u00e4rken drucken. Somit kann auf einem hellen Textil Tinte eigespart und auf einem dunklen die maximale Farbdeckung erreicht werden.<\/p>\n<p>Die im digital gedruckten Transfers zeichnen sich zudem durch eine herausragende Farbintensit\u00e4t aus. Ebenso lassen sie sich schnell und einfach auf Baumwolle, Polyester, 50\/50 Mischungen und diversen weiteren Materialien applizieren. Dabei sind sie dehnbar, farbecht und lange haltbar.<\/p>\n<p>Ein weitere Vorteil liegt darin, dass die Transfers unabh\u00e4ngig von der Veredelung produziert werden k\u00f6nnen. Somit k\u00f6nnen sie f\u00fcr anstehende Auftr\u00e4ge vorbereitet und in der Dekoration nach Bedarf abgerufen werden. Auf jeder Transferpresse k\u00f6nnen so Siebdruck, Vinyl und digitale Transfers kombiniert eingesetzt werden. Ob 100.000 einfarbige Siebdrucke, geplottetes Silber-Vinyl oder digitale Foto-Prints.<\/p>\n<h2>\n\t\tSie suchen nur Transfers?\n\t<\/h2>\n\t<p>Auch hier k\u00f6nnen wir Ihnen helfen. Wir liefern Ihnen ihre Druckbilder in allen g\u00e4ngigen DIN-A Formaten. Perfekt f\u00fcr T-Shirts, Taschen oder Hoodies als Arbeits-, Sport- oder Freizeitkleidung. Baumwolle, Polyerster sowie Blends lassen sich mit unseren Transfers veredeln. Zudem bieten wir unterschiedlichen Varianten f\u00fcr helle und dunkle Textilien sowie die passenden Einstellungen f\u00fcr Ihr Textil.<\/p>\n<p>Unsere digital gedruckten Transfers in allen St\u00fcckzahlen von 1 bis 10.000 St\u00fcck verf\u00fcgbar und in wenigen Tagen gedruckt und verschickt. Schreiben Sie uns einfach eine kurze Nachricht mit der angedachten Menge, Gr\u00f6\u00dfe und Anwendung und wir schicken Ihnen ein unverbindliches Angebot zur\u00fcck.<\/p>\n\t\t\t<a href=\"https:\/\/www.digitran.de\/anfrage-textiltransfers\/\" target=\"_self\" rel=\"noopener\">\n\t\t\t\t\t\t\tJetzt Transfers Anfragen\n\t\t\t\t\t<\/a>\n\n","protected":false},"excerpt":{"rendered":"<p>Fast DTF printer for vibrant textile transfers &#8211; Ideal for any batch size and multi-color designs. Print on T-shirts, sportswear, workwear and more. 60cm | 2 heads | CMYK+WWWW<\/p>\n","protected":false},"author":4,"featured_media":3549,"parent":4519,"menu_order":0,"comment_status":"closed","ping_status":"closed","template":"","meta":{"footnotes":""},"class_list":["post-3560","page","type-page","status-publish","has-post-thumbnail","hentry"],"_links":{"self":[{"href":"https:\/\/www.digitran.de\/en\/wp-json\/wp\/v2\/pages\/3560","targetHints":{"allow":["GET"]}}],"collection":[{"href":"https:\/\/www.digitran.de\/en\/wp-json\/wp\/v2\/pages"}],"about":[{"href":"https:\/\/www.digitran.de\/en\/wp-json\/wp\/v2\/types\/page"}],"author":[{"embeddable":true,"href":"https:\/\/www.digitran.de\/en\/wp-json\/wp\/v2\/users\/4"}],"replies":[{"embeddable":true,"href":"https:\/\/www.digitran.de\/en\/wp-json\/wp\/v2\/comments?post=3560"}],"version-history":[{"count":2,"href":"https:\/\/www.digitran.de\/en\/wp-json\/wp\/v2\/pages\/3560\/revisions"}],"predecessor-version":[{"id":4524,"href":"https:\/\/www.digitran.de\/en\/wp-json\/wp\/v2\/pages\/3560\/revisions\/4524"}],"up":[{"embeddable":true,"href":"https:\/\/www.digitran.de\/en\/wp-json\/wp\/v2\/pages\/4519"}],"wp:featuredmedia":[{"embeddable":true,"href":"https:\/\/www.digitran.de\/en\/wp-json\/wp\/v2\/media\/3549"}],"wp:attachment":[{"href":"https:\/\/www.digitran.de\/en\/wp-json\/wp\/v2\/media?parent=3560"}],"curies":[{"name":"wp","href":"https:\/\/api.w.org\/{rel}","templated":true}]}}