{"id":3164,"date":"2021-11-17T12:11:55","date_gmt":"2021-11-17T11:11:55","guid":{"rendered":"https:\/\/www.digitran.de\/digitran-flexline-dtf600-breathtaking-dtf-printer\/"},"modified":"2025-01-20T12:29:44","modified_gmt":"2025-01-20T11:29:44","slug":"flexline-dtf-printer","status":"publish","type":"page","link":"https:\/\/www.digitran.de\/en\/textile-printing\/dtf-printer\/flexline-dtf-printer\/","title":{"rendered":"DTF Printer &#8211; DIGITRAN FlexLine DTF600"},"content":{"rendered":"\n<h1>\n\t\tDIGITRAN FlexLine DTF600\n\t<\/h1>\n<h2>\n\t\tDer DTF Drucker f\u00fcr digital gedruckte Textil-Transfers\n\t<\/h2>\n\t\t\t\t<img decoding=\"async\" src=\"https:\/\/www.digitran.de\/wp-content\/uploads\/2023\/02\/FlexLine-Titelbild_20211029-_MG_0839_6000-x-4000_mit-Schrift_ohne-Schatten-e1675237932123.png\" alt=\"DTF Drucker - DIGITRAN FlexLine DTF600\" itemprop=\"image\" height=\"577\" width=\"710\" title=\"DTF Drucker - DIGITRAN FlexLine DTF600\" onerror=\"this.style.display='none'\">\n\t<p>Die DIGITRAN FlexLine DTF600 ist die digitale L\u00f6sung zum Drucken von Textil-Transfers &#8211; von Rolle zu Rolle. Unser kompakter In-Line DTF (Direct To Foil\/Film) Drucker erm\u00f6glicht die schnelle und einfache Fertigung von Transfers f\u00fcr ihre Textilveredelung. Hierf\u00fcr wird die digitale Druckmaschine mit der FlexFinish600 Pulver- und Trocknungseinheit erweitert. Somit kann nach dem Drucken das Kleber-Pulver vollautomatisch in die Farbe eingestreut werden. Mit der nachfolgenden R\u00fctteleinheit wird zudem \u00fcbersch\u00fcssiger Kleber vollst\u00e4ndig entfernt. Zuletzt wird das Bild mit einer leistungsstarken IR-Einheit getrocknet und anschlie\u00dfend aufgewickelt. Jetzt hei\u00dft es die Druckbilder einfach abzunehmen, ggf. zuzuschneiden und zu verschicken oder selbst aufzubringen.<\/p>\n<p>&nbsp;<\/p>\n<p><img decoding=\"async\" src=\"https:\/\/www.digitran.de\/wp-content\/uploads\/2021\/11\/FlexLine_20211029-_MG_0845-Enhanced_6000-x-4000-scaled.jpg\" alt=\"DIGITRAN FlexLine DTF - CMYK+W Digitaldruck Transfers\" width=\"691\" height=\"361\" title=\"\"><\/p>\n<h3>Digitaler DTF Druck<\/h3>\nDie digitale Druckmaschine aus diesem Direct To Foil\/Film (DTF) Maschinensystem ist mit 2 robusten EPSON Druckk\u00f6pfen der aktuellen Generation ausgestattet. Diese k\u00f6nnen in CMYK, einem hochdeckenden Wei\u00df und einer Aufl\u00f6sung von 720x1800dpi drucken. Selbst feinste Elemente und Verl\u00e4ufe lassen sich somit darstellen. F\u00fcr eine saubere Qualit\u00e4t arbeiten wir zudem mit wasserbasierten, OEKO-TEX zertifizierten Tinten. Automatische Reinigungszyklen sorgen f\u00fcr eine maximale Haltbarkeit der Druckk\u00f6pfe.<br>\nDie Druckmaschine ist zudem f\u00fcr eine maximale Druckbreite von 600mm ausgelegt und kann passende Hot-Peel (hei\u00dfabziehend) oder Cold-Peel (kaltabziehend) Folien bedrucken.\n<p>&nbsp;<\/p>\n<p><img decoding=\"async\" src=\"https:\/\/www.digitran.de\/wp-content\/uploads\/2021\/11\/FlexLine_20211029-_MG_0847-Enhanced_6000-x-4000-scaled.jpg\" alt=\"DIGITRAN FlexLine DTF - Pulver \/ Finishing\" width=\"689\" height=\"360\" title=\"\"><\/p>\n<h3>Das Finishing Modul<\/h3>\n<p>Das FlexFinish600 Modul ist in Linie mit der Druckmaschine positioniert und f\u00fcr die Veredelung des Transfers zust\u00e4ndig. Mit einer B\u00fcrste wird das Hot-Melt-Pulver zerkleinert und \u00fcber das noch feuchte Druckbild verteilt. Anschlie\u00dfend wird das \u00fcbersch\u00fcssige Kleber-Pulver kontrolliert abgeklopft, sodass keine Reste mehr auf der unbedruckten Folie verbleiben. Mit einer effizienten IR-Trocknung wird das Bild dann getrocknet und mit dem Kleber Verbunden. Zuletzt sorgt ein L\u00fcfter daf\u00fcr, dass das fertige Druckbild abgek\u00fchlt und ohne zu Verkleben als Rolle aufgewickelt werden kann.<\/p>\n\n\t\t<h3>Jetzt Muster oder Demo Anfragen<\/h3>\n\t\t<p>Und \u00fcberzeugen Sie sich selbst von der Qualit\u00e4t der DIGITRAN FlexLine DTF600.<\/p>\n\t\t\t<a href=\"https:\/\/www.digitran.de\/en\/contact\/\" target=\"_self\" role=\"button\" rel=\"noopener\">\n\t\t\t\t\t\t\tKontakt Aufnehmen\n\t\t\t\t\t<\/a>\n\t<meta itemprop=\"url\" content=\"https:\/\/www.digitran.de\/wp-content\/uploads\/2021\/11\/FlexLine-Kurze-Version-Simplified.mp4\"><div style=\"width: 640px;\" class=\"wp-video\"><video class=\"wp-video-shortcode\" id=\"video-3164-1\" width=\"640\" height=\"360\" poster=\"https:\/\/www.digitran.de\/wp-content\/uploads\/2022\/08\/FlexLine-Titelbild_20211029-_MG_0839_4K_mit-Schrift-scaled.jpg\" preload=\"none\" controls=\"controls\"><source type=\"video\/mp4\" src=\"https:\/\/www.digitran.de\/wp-content\/uploads\/2021\/11\/FlexLine-Kurze-Version-Simplified.mp4?_=1\" \/><a href=\"https:\/\/www.digitran.de\/wp-content\/uploads\/2021\/11\/FlexLine-Kurze-Version-Simplified.mp4\">https:\/\/www.digitran.de\/wp-content\/uploads\/2021\/11\/FlexLine-Kurze-Version-Simplified.mp4<\/a><\/video><\/div>\n\t<h3>Eigenschaften<\/h3>\n\t<p>Wasserbasierte Tinte mit OEKO-TEX<\/p>\n<p>Max. Aufl\u00f6sung von 720x1800dpi<\/p>\n<p>2 Druckkopf-System<\/p>\n<p>Einstellbarer Wei\u00dfdruck f\u00fcr helle \/ dunkle Textilien<\/p>\n<p>Druck, Pulver und Trocknung in Linie<\/p>\n<p>Extreme Farbgenauigkeit dank Color Management<\/p>\n<p>Wei\u00df-Zirkulationspumpe und R\u00fchrwerk<\/p>\n\t<p>Automatische Reinigungszyklen<\/p>\n<p>Effiziente Druckbreite von 600mm<\/p>\n<p>Maximale Druckqualit\u00e4t bei bis zu 10m\u00b2\/Std.<\/p>\n<p>Sport-Modus f\u00fcr atmungsaktive Transfers<\/p>\n<p>F\u00fcr diverse Textilien und Anwendungen<\/p>\n<p>Perfekte Dehn- und Waschbarkeit<\/p>\n<p>Ma\u00dfe ca. 1,6 x 2,1m<\/p>\n\t<p>Mit unserer DIGITRAN FlexLine DTF600 k\u00f6nnen Sie ihre Transfer Produktion um eine perfekte, digitale L\u00f6sung erweitern. Perfekt f\u00fcr kleinere Losgr\u00f6\u00dfen, vielfarbige Designs und kurze Reaktionszeiten.<\/p>\n<p>Auch die Installation k\u00f6nnen wir f\u00fcr Sie \u00fcbernehmen und somit f\u00fcr einen schnellen und unkomplizierten Start in den DTF Druck sorgen.<\/p>\n\t\t\t<a href=\"https:\/\/www.digitran.de\/en\/contact\/\" target=\"_self\" role=\"button\" rel=\"noopener\">\n\t\t\t\t\t\t\tSprechen Sie uns an\n\t\t\t\t\t<\/a>\n<h1>\n\t\tWarum DTF (Direct To Foil\/Film) Druck\n\t<\/h1>\n<h2>\n\t\tDTF Textil-Transfers &#8211; Perfekt f\u00fcr kleine und mittlere Losgr\u00f6\u00dfen\n\t<\/h2>\n\t<p>In-Line DTF Drucker sind die perfekte L\u00f6sung, wenn es um kleine und mittlere Losgr\u00f6\u00dfen geht. Da keine R\u00fcstvorg\u00e4nge f\u00fcr den Druck notwendig sind, lassen sich jegliche Farbe, Form und Gr\u00f6\u00dfe in k\u00fcrzester Zeit drucken. Mit unserem System lassen sich zudem unterschiedliche Wei\u00df-Schichtst\u00e4rken drucken. Somit kann auf einem hellen Textil Tinte eigespart und auf einem dunklen die maximale Farbdeckung erreicht werden.<\/p>\n<p>Die im digital gedruckten Transfers zeichnen sich zudem durch eine herausragende Farbintensit\u00e4t aus. Ebenso lassen sie sich schnell und einfach auf Baumwolle, Polyester, 50\/50 Mischungen und diversen weiteren Materialien applizieren. Dabei sind sie dehnbar, farbecht und lange haltbar.<\/p>\n<p>Ein weitere Vorteil liegt darin, dass die Transfers unabh\u00e4ngig von der Veredelung produziert werden k\u00f6nnen. Somit k\u00f6nnen sie f\u00fcr anstehende Auftr\u00e4ge vorbereitet und in der Dekoration nach Bedarf abgerufen werden. Auf jeder Transferpresse k\u00f6nnen so Siebdruck, Vinyl und digitale Transfers kombiniert eingesetzt werden. Ob 100.000 einfarbige Siebdrucke, geplottetes Silber-Vinyl oder digitale Foto-Prints.<\/p>\n<h2>\n\t\tSie suchen nur Transfers?\n\t<\/h2>\n\t<p>Auch hier k\u00f6nnen wir Ihnen helfen. Wir liefern Ihnen ihre Druckbilder in allen g\u00e4ngigen DIN-A Formaten. Perfekt f\u00fcr T-Shirts, Taschen oder Hoodies als Arbeits-, Sport- oder Freizeitkleidung. Baumwolle, Polyerster sowie Blends lassen sich mit unseren Transfers veredeln. Zudem bieten wir unterschiedlichen Varianten f\u00fcr helle und dunkle Textilien sowie die passenden Einstellungen f\u00fcr Ihr Textil.<\/p>\n<p>Unsere digital gedruckten Transfers in allen St\u00fcckzahlen von 1 bis 10.000 St\u00fcck verf\u00fcgbar und in wenigen Tagen gedruckt und verschickt. Schreiben Sie uns einfach eine kurze Nachricht mit der angedachten Menge, Gr\u00f6\u00dfe und Anwendung und wir schicken Ihnen ein unverbindliches Angebot zur\u00fcck.<\/p>\n\t\t\t<a href=\"https:\/\/www.digitran.de\/en\/contact\/\" target=\"_self\" role=\"button\" rel=\"noopener\">\n\t\t\t\t\t\t\tJetzt Transfers Anfragen\n\t\t\t\t\t<\/a>\n","protected":false},"excerpt":{"rendered":"<p>DIGITRAN FlexLine DTF600 Der DTF Drucker f\u00fcr digital gedruckte Textil-Transfers Die DIGITRAN FlexLine DTF600 ist die digitale L\u00f6sung zum Drucken von Textil-Transfers &#8211; von Rolle zu Rolle. Unser kompakter In-Line DTF (Direct To Foil\/Film) Drucker erm\u00f6glicht die schnelle und einfache<\/p>\n","protected":false},"author":4,"featured_media":3364,"parent":4519,"menu_order":0,"comment_status":"closed","ping_status":"closed","template":"","meta":{"footnotes":""},"class_list":["post-3164","page","type-page","status-publish","has-post-thumbnail","hentry"],"_links":{"self":[{"href":"https:\/\/www.digitran.de\/en\/wp-json\/wp\/v2\/pages\/3164","targetHints":{"allow":["GET"]}}],"collection":[{"href":"https:\/\/www.digitran.de\/en\/wp-json\/wp\/v2\/pages"}],"about":[{"href":"https:\/\/www.digitran.de\/en\/wp-json\/wp\/v2\/types\/page"}],"author":[{"embeddable":true,"href":"https:\/\/www.digitran.de\/en\/wp-json\/wp\/v2\/users\/4"}],"replies":[{"embeddable":true,"href":"https:\/\/www.digitran.de\/en\/wp-json\/wp\/v2\/comments?post=3164"}],"version-history":[{"count":1,"href":"https:\/\/www.digitran.de\/en\/wp-json\/wp\/v2\/pages\/3164\/revisions"}],"predecessor-version":[{"id":4543,"href":"https:\/\/www.digitran.de\/en\/wp-json\/wp\/v2\/pages\/3164\/revisions\/4543"}],"up":[{"embeddable":true,"href":"https:\/\/www.digitran.de\/en\/wp-json\/wp\/v2\/pages\/4519"}],"wp:featuredmedia":[{"embeddable":true,"href":"https:\/\/www.digitran.de\/en\/wp-json\/wp\/v2\/media\/3364"}],"wp:attachment":[{"href":"https:\/\/www.digitran.de\/en\/wp-json\/wp\/v2\/media?parent=3164"}],"curies":[{"name":"wp","href":"https:\/\/api.w.org\/{rel}","templated":true}]}}