{"id":1068,"date":"2016-04-18T15:37:39","date_gmt":"2016-04-18T13:37:39","guid":{"rendered":"http:\/\/www.digitran.de\/heisstransfermaschinen\/"},"modified":"2024-01-25T07:59:49","modified_gmt":"2024-01-25T06:59:49","slug":"heattransfermachines","status":"publish","type":"page","link":"https:\/\/www.digitran.de\/en\/heattransfermachines\/","title":{"rendered":"Heat Transfer Machines"},"content":{"rendered":"\n<h1>\n\t\tDIGITRAN Heat Transfer Machines\n\t<\/h1>\n<h2>\n\t\tHigh Productivity for an Impressive Decoration\n\t<\/h2>\n\tFor you to benefit from heat transfer technology we design and build customized heat transfer machines in addition to our standard solutions. To achieve the best possible results we closely cooperate with the customer to define a perfect solution.<br>\nDiscover the opportunities: Due to the unique DIGITRAN-process heat transfer decorations can achieve photo-realistic quality with a print resolution of 1.200 dpi. These digital heat transfer decals can be modified to fit a variety of materials. The DIGITRAN machines allow for a variety of shapes to be decorated. Offering both semi and fully automatic machines, tooling and accessories we cam provide a turn key solution to heat transfer decoration.\n\t\t\t\t<img decoding=\"async\" src=\"https:\/\/www.digitran.de\/wp-content\/uploads\/2016\/05\/digitran-spezialmaschinen-main-pic-maschinen.jpg\" alt=\"digitran-heat-transfer-machines\" itemprop=\"image\" height=\"400\" width=\"1200\" title=\"digitran-heat-transfer-machines-main-pic-machines\" onerror=\"this.style.display='none'\">\n<h2>\n\t\tDIGITRAN Machines\n\t<\/h2>\n\t<p>Our Heat Transfer Machines at a Glance<\/p>\n\t\t\t\t<a href=\"https:\/\/www.digitran.de\/en\/heattransfermachines\/digitran-trf\/\" target=\"_self\" itemprop=\"url\" rel=\"noopener noreferrer\">\n\t\t\t\t<img decoding=\"async\" src=\"https:\/\/www.digitran.de\/wp-content\/uploads\/2016\/05\/digitran-trf-small.jpg\" alt=\"DIGITRAN TRF - Hei\u00dfstransfermaschine f\u00fcr Zollst\u00f6cke \/ Ma\u00dfst\u00e4be\" itemprop=\"image\" height=\"300\" width=\"600\" title=\"digitran-trf-small\" onerror=\"this.style.display='none'\">\n\t\t\t\t<\/a>\n<h3><a href=\"https:\/\/www.digitran.de\/en\/heattransfermachines\/digitran-trf\/\" target=\"_self\" rel=\"noopener noreferrer\">DIGITRAN TRF<\/a><\/h3>\t\t\n\t\t\t<h4>Heat Transfer Machine for the Decoration of Flat, Oblong Shaped Products<\/h4>\n<ul>\n<li><img decoding=\"async\" src=\"\/wp-content\/uploads\/2016\/05\/digitran-icon-flach.png\" alt=\"\" title=\"\"><\/li>\n<li>Quick Make-Ready<\/li>\n<li>Precise Transfer Application<\/li>\n<li>Easy to Operate<\/li>\n<\/ul>\n\t\t\t<a href=\"https:\/\/www.digitran.de\/en\/heattransfermachines\/digitran-trf\/\" target=\"_self\" role=\"button\" rel=\"noopener noreferrer\">\n\t\t\t\t\t\t\tLearn More\n\t\t\t\t\t<\/a>\n\t\t\t\t<a href=\"https:\/\/www.digitran.de\/en\/heattransfermachines\/digitran-tfk\/\" target=\"_self\" itemprop=\"url\" rel=\"noopener noreferrer\">\n\t\t\t\t<img decoding=\"async\" src=\"https:\/\/www.digitran.de\/wp-content\/uploads\/2016\/05\/digitran-tfk-small.jpg\" alt=\"digitran-tfk-heisstransfermaschine\" itemprop=\"image\" height=\"300\" width=\"600\" title=\"digitran-tfk-small\" onerror=\"this.style.display='none'\">\n\t\t\t\t<\/a>\n<h3><a href=\"https:\/\/www.digitran.de\/en\/heattransfermachines\/digitran-tfk\/\" target=\"_self\" rel=\"noopener noreferrer\">DIGITRAN TFK<\/a><\/h3>\t\t\n\t\t\t<h4>Heat Transfer Machine for the Decoration of Tapered Products<\/h4>\n<ul>\n<li><img decoding=\"async\" src=\"\/wp-content\/uploads\/2016\/05\/digitran-icon-konisch-aufsteck.png\" alt=\"\" title=\"\"><\/li>\n<li>High Resolution Transfer Decorations<\/li>\n<li>Decoration of Different Size Cups<\/li>\n<li>Quick Make-Ready<\/li>\n<\/ul>\n\t\t\t<a href=\"https:\/\/www.digitran.de\/en\/heattransfermachines\/digitran-tfk\/\" target=\"_self\" role=\"button\" rel=\"noopener noreferrer\">\n\t\t\t\t\t\t\tLearn More\n\t\t\t\t\t<\/a>\n\t\t\t\t<a href=\"https:\/\/www.digitran.de\/en\/heattransfermachines\/digitran-trt\/\" target=\"_self\" itemprop=\"url\" rel=\"noopener noreferrer\">\n\t\t\t\t<img decoding=\"async\" src=\"https:\/\/www.digitran.de\/wp-content\/uploads\/2016\/04\/Digitran-TRT-Maschinen.jpg\" alt=\"DIGITRAN TRT - Vollautomatische Hei\u00dftransfermaschine f\u00fcr Tuben, H\u00fclsen, R\u00f6hrchen\" itemprop=\"image\" height=\"300\" width=\"600\" title=\"DIGITRAN TRT - Vollautomatische Hei\u00dftransfermaschine f\u00fcr Tuben, H\u00fclsen, R\u00f6hrchen\" onerror=\"this.style.display='none'\">\n\t\t\t\t<\/a>\n<h3><a href=\"https:\/\/www.digitran.de\/en\/heattransfermachines\/digitran-trt\/\" target=\"_self\" rel=\"noopener noreferrer\">DIGITRAN TRT<\/a><\/h3>\t\t\n\t\t\t<h4>Heat Transfer Machine for the Decoration of Cylindrical, Mandrel Carried Products<\/h4>\n<ul>\n<li><img decoding=\"async\" src=\"\/wp-content\/uploads\/2016\/05\/digitran-icon-aufsteck.png\" alt=\"\" title=\"\"><\/li>\n<li>Fully Automatic incl. Pre-Treatment<\/li>\n<li>High Production Speed for Tubes &amp; Shells<\/li>\n<li>Optical Product and Foil Positioning<\/li>\n<\/ul>\n\t\t\t<a href=\"https:\/\/www.digitran.de\/en\/heattransfermachines\/digitran-trt\/\" target=\"_self\" role=\"button\" rel=\"noopener noreferrer\">\n\t\t\t\t\t\t\tLearn More\n\t\t\t\t\t<\/a>\n\t\t\t\t\n\t\t\t\t<img decoding=\"async\" src=\"https:\/\/www.digitran.de\/wp-content\/uploads\/2016\/05\/digitran-trz-small.jpg\" alt=\"DIGITRAN TRZ - Hei\u00dftransfermaschine f\u00fcr Flaschen\" itemprop=\"image\" height=\"300\" width=\"600\" title=\"digitran-trz-small\" onerror=\"this.style.display='none'\">\n\t\t\t\t\n<h3>DIGITRAN TRZ<\/h3>\t\t\n\t\t\t<h4>Heat Transfer Machine for the Decoration of Cylindrical Hollow Body Products<\/h4>\n<ul>\n<li><img decoding=\"async\" src=\"\/wp-content\/uploads\/2016\/05\/digitran-icon-zylindrisch.png\" alt=\"\" title=\"\"><\/li>\n<li>Fully Automatic with In-feed Magazine<\/li>\n<li>Fully Automatic incl. Pre-Treatment<\/li>\n<li>Room Saving Linear Design<\/li>\n<\/ul>\n\t\t\t\n\t\t\t\t\t\t\tLearn More\n\t\t\t\t\t\n\t\t\t\t<a href=\"https:\/\/www.digitran.de\/en\/heattransfermachines\/digitran-tsf\/\" target=\"_self\" itemprop=\"url\" rel=\"noopener noreferrer\">\n\t\t\t\t<img decoding=\"async\" src=\"https:\/\/www.digitran.de\/wp-content\/uploads\/2016\/05\/digitran-tsf-small.jpg\" alt=\"DIGITRAN TSF - Hei\u00dftransfermaschine f\u00fcr CDs, DVDs, Blu-rays\" itemprop=\"image\" height=\"300\" width=\"600\" title=\"digitran-tsf-small\" onerror=\"this.style.display='none'\">\n\t\t\t\t<\/a>\n<h3><a href=\"https:\/\/www.digitran.de\/en\/heattransfermachines\/digitran-tsf\/\" target=\"_self\" rel=\"noopener noreferrer\">DIGITRAN TSF<\/a><\/h3>\t\t\n\t\t\t<h4>Heat Transfer Machine for the Decoration of Flat Products<\/h4>\n<h4><\/h4>\n<ul>\n<li><img decoding=\"async\" src=\"\/wp-content\/uploads\/2016\/05\/digitran-icon-flach.png\" alt=\"\" title=\"\"><\/li>\n<li>Compact &amp; Fully Automatic<\/li>\n<li>Optimized for CD, DVDs, Blu-Rays<\/li>\n<li>Precise Color Registration<\/li>\n<\/ul>\n\t\t\t<a href=\"https:\/\/www.digitran.de\/en\/heattransfermachines\/digitran-tsf\/\" target=\"_self\" role=\"button\" rel=\"noopener noreferrer\">\n\t\t\t\t\t\t\tLearn More\n\t\t\t\t\t<\/a>\n\t\t\t\t<a href=\"https:\/\/www.digitran.de\/en\/heattransfermachines\/digitran-tu\/\" target=\"_self\" itemprop=\"url\" rel=\"noopener noreferrer\">\n\t\t\t\t<img decoding=\"async\" src=\"https:\/\/www.digitran.de\/wp-content\/uploads\/2016\/05\/digitran-tu-small.jpg\" alt=\"DIGITRAN TU - Universal Hei\u00dftransfermaschine\" itemprop=\"image\" height=\"300\" width=\"600\" title=\"digitran-tu-small\" onerror=\"this.style.display='none'\">\n\t\t\t\t<\/a>\n<h3><a href=\"https:\/\/www.digitran.de\/en\/heattransfermachines\/digitran-tu\/\" target=\"_self\" rel=\"noopener noreferrer\">DIGITRAN TU<\/a><\/h3>\t\t\n\t\t\t<h4>Heat Transfer Machine for the Decoration of Flat, Round and Tapered Products<\/h4>\n<ul>\n<li><img decoding=\"async\" src=\"\/wp-content\/uploads\/2016\/05\/digitran-icon-universell.png\" alt=\"\" title=\"\"><\/li>\n<li>Highly Flexible<\/li>\n<li>Quick Make-Ready<\/li>\n<li>Compact and Versatile Design<\/li>\n<\/ul>\n\t\t\t<a href=\"https:\/\/www.digitran.de\/en\/heattransfermachines\/digitran-tu\/\" target=\"_self\" role=\"button\" rel=\"noopener noreferrer\">\n\t\t\t\t\t\t\tLearn More\n\t\t\t\t\t<\/a>\n\t\t\t\t<a href=\"https:\/\/www.digitran.de\/en\/heattransfermachines\/digitran-special-machines\/\" target=\"_self\" itemprop=\"url\" rel=\"noopener noreferrer\">\n\t\t\t\t<img decoding=\"async\" src=\"https:\/\/www.digitran.de\/wp-content\/uploads\/2016\/04\/digitran-spezialmaschinen-small.jpg\" alt=\"digitran-spezialmaschinen\" itemprop=\"image\" height=\"300\" width=\"600\" title=\"digitran-spezialmaschinen-small\" onerror=\"this.style.display='none'\">\n\t\t\t\t<\/a>\n<h3><a href=\"https:\/\/www.digitran.de\/en\/heattransfermachines\/digitran-special-machines\/\" target=\"_self\" rel=\"noopener noreferrer\">DIGITRAN SPECIAL MACHINES<\/a><\/h3>\t\t\n\t\t\t<h4>Heat Transfer Machines as Projects for Special Requirements<\/h4>\n<ul>\n<li>Customer Oriented Solutions<\/li>\n<li>Modification of Existing Machines<\/li>\n<li>Completely New Developments<\/li>\n<\/ul>\n\t\t\t<a href=\"https:\/\/www.digitran.de\/en\/heattransfermachines\/digitran-special-machines\/\" target=\"_self\" role=\"button\" rel=\"noopener noreferrer\">\n\t\t\t\t\t\t\tLearn More\n\t\t\t\t\t<\/a>\n\t\t\t\t<a href=\"https:\/\/www.digitran.de\/en\/heattransfermachines\/turbotran-6-1\/\" target=\"_self\" itemprop=\"url\" rel=\"noopener noreferrer\">\n\t\t\t\t<img decoding=\"async\" src=\"https:\/\/www.digitran.de\/wp-content\/uploads\/2019\/04\/Turbotran-61_600x300px.png\" alt=\"TURBOTRAN 6.1 - Hei\u00dftransfermaschine f\u00fcr Textilien\" itemprop=\"image\" height=\"300\" width=\"600\" title=\"TURBOTRAN 6.1 - Hei\u00dftransfermaschine f\u00fcr Textilien\" onerror=\"this.style.display='none'\">\n\t\t\t\t<\/a>\n<h3><a href=\"https:\/\/www.digitran.de\/en\/heattransfermachines\/turbotran-6-1\/\" target=\"_self\" rel=\"noopener noreferrer\">TURBOTRAN 6.1<\/a><\/h3>\t\t\n\t\t\t<h4>Heat Transfer Machine for the Decoration of Textiles<\/h4>\n<ul>\n<li>fully automated for the operation by a single person<\/li>\n<li>up to 600 Transfers\/hour with multi-transfer-applications<\/li>\n<li>for regular clothing, sports, workwear and bags<\/li>\n<\/ul>\n\t\t\t<a href=\"https:\/\/www.digitran.de\/en\/heattransfermachines\/turbotran-6-1\/\" target=\"_self\" role=\"button\" rel=\"noopener noreferrer\">\n\t\t\t\t\t\t\tLearn More\n\t\t\t\t\t<\/a>\n","protected":false},"excerpt":{"rendered":"<p>DIGITRAN Heat Transfer Machines High Productivity for an Impressive Decoration For you to benefit from heat transfer technology we design and build customized heat transfer machines in addition to our standard solutions. To achieve the best possible results we closely<\/p>\n","protected":false},"author":1,"featured_media":1117,"parent":0,"menu_order":0,"comment_status":"closed","ping_status":"closed","template":"","meta":{"footnotes":""},"class_list":["post-1068","page","type-page","status-publish","has-post-thumbnail","hentry"],"_links":{"self":[{"href":"https:\/\/www.digitran.de\/en\/wp-json\/wp\/v2\/pages\/1068","targetHints":{"allow":["GET"]}}],"collection":[{"href":"https:\/\/www.digitran.de\/en\/wp-json\/wp\/v2\/pages"}],"about":[{"href":"https:\/\/www.digitran.de\/en\/wp-json\/wp\/v2\/types\/page"}],"author":[{"embeddable":true,"href":"https:\/\/www.digitran.de\/en\/wp-json\/wp\/v2\/users\/1"}],"replies":[{"embeddable":true,"href":"https:\/\/www.digitran.de\/en\/wp-json\/wp\/v2\/comments?post=1068"}],"version-history":[{"count":0,"href":"https:\/\/www.digitran.de\/en\/wp-json\/wp\/v2\/pages\/1068\/revisions"}],"wp:featuredmedia":[{"embeddable":true,"href":"https:\/\/www.digitran.de\/en\/wp-json\/wp\/v2\/media\/1117"}],"wp:attachment":[{"href":"https:\/\/www.digitran.de\/en\/wp-json\/wp\/v2\/media?parent=1068"}],"curies":[{"name":"wp","href":"https:\/\/api.w.org\/{rel}","templated":true}]}}