{"id":1065,"date":"2016-04-18T15:38:23","date_gmt":"2016-04-18T13:38:23","guid":{"rendered":"http:\/\/www.digitran.de\/druckverfahren\/"},"modified":"2024-11-12T08:52:00","modified_gmt":"2024-11-12T07:52:00","slug":"digital-heat-transfer-printing-process","status":"publish","type":"page","link":"https:\/\/www.digitran.de\/en\/digital-heat-transfer-printing-process\/","title":{"rendered":"Printing Process"},"content":{"rendered":"\n<h1>\n\t\tDAS DIGITRAN HEISSTRANSFER-VERFAHREN\n\t<\/h1>\n<h2>\n\t\tDigitaldruck trifft Hei\u00dftransfer-Dekoration\n\t<\/h2>\n\t<p>Auf einzigartige Weise verbindet das DIGITRAN Hei\u00dftransfer-Verfahren Digitaldruck und Hei\u00dftransfer-Dekoration. Das Ergebnis: ein Verfahren, das makellose, hochaufl\u00f6sende Druckergebnisse auf einer Vielzahl unterschiedlicher Druckobjekte erm\u00f6glicht. <\/p>\n\t\t\t\t<img decoding=\"async\" src=\"https:\/\/www.digitran.de\/wp-content\/uploads\/2016\/04\/Vorlage-Bild-DIGITRAN-Homep-1024x512.jpg\" alt=\"DIGITRAN-Verfahren\" itemprop=\"image\" title=\"DIGITRAN-Verfahren\" onerror=\"this.style.display='none'\">\n\t<p>Der DIGITRAN Prozessablauf beginnt mit dem elektrografischen Digitaldruck von fotorealistischen Motiven auf ein Tr\u00e4germaterial. Das in diesem Verfahren verwendete Tr\u00e4germaterial ist mit einer speziellen Veredelung versehen und wird nach dem Bedrucken in Bahnen geschnitten und auf formatgerechte Rollen gewickelt. Diese Rollen werden anschlie\u00dfend zu unseren Kunden geschickt und f\u00fcr die direkte Applikation in eine Hei\u00dftransfermaschine eingesetzt.<\/p>\n<p>Die Digitaldrucke werden im CMYK-Farbraum mit einem sehr opaquen Wei\u00df als f\u00fcnfter Farbe gedruckt. Die maximale Aufl\u00f6sung liegt hier bei fotorealistischen 1.200 dpi. Hinsichtlich der Druckbreite ist ein Spektrum von i-Punkt-Gr\u00f6\u00dfe bis zu 320 mm Breite umsetzbar. In Laufrichtung ist ein nahtloser Endlosdruck unterschiedlicher Motive und somit die Personalisierung oder Serialisierung der Druckbilder, m\u00f6glich. F\u00fcr die farbechte Wiedergabe der gew\u00fcnschten Farben wurde ein eigener Workflow entwickelt, der auch bei Wiederholungsauftr\u00e4gen h\u00f6chste Genauigkeit verspricht.<\/p>\n<p>Abh\u00e4ngig von der Form und Art Ihrer Produkte werden die gedruckten Motive und Artikel passgenau auf dem Zielobjekt in Position gebracht. Mittels Hitze und Druck wird nun das digital gedruckte Bild auf den Artikel transferiert. Durch den Einsatz unterschiedlicher Veredelungen des Druckbildes l\u00e4sst sich eine starke Haftung auf nahezu jedem Material erzeugen. W\u00e4hrend dieses Prozesses l\u00f6st sich das Motiv restlos vom Tr\u00e4germaterial, welches anschlie\u00dfend recycelt werden kann.<\/p>\n<p>Schon jetzt findet das Verfahren Anwendung bei der Dekoration von <a href=\"\/bedrucken-von-tuben\/\">Tuben<\/a>, <a href=\"https:\/\/www.digitran.de\/en\/heat-transfer-printing-service\/digital-printing-cosmetic-products\/\">Kosmetikartikeln<\/a>, <a href=\"\/bedrucken-von-massstaeben\/\">Ma\u00dfst\u00e4ben<\/a> oder diversen <a href=\"\/werbeartikel-bedrucken\/\">Werbeartikeln<\/a>.<\/p>\n\t\t\t<a href=\"https:\/\/www.digitran.de\/en\/heattransferdecals\/\" target=\"_self\" role=\"button\" rel=\"noopener noreferrer\">\n\t\t\t\t\t\t\tHei\u00dftransferbilder\n\t\t\t\t\t<\/a>\n\t\t\t<a href=\"https:\/\/www.digitran.de\/en\/heattransfermachines\/\" target=\"_self\" role=\"button\" rel=\"noopener noreferrer\">\n\t\t\t\t\t\t\tHei\u00dftransfermaschinen\n\t\t\t\t\t<\/a>\n\t<p><b>Gut zu wissen:<\/b> Die DIGITRAN Hei\u00dftransferbilder wurden durch ein unabh\u00e4ngiges Institut gepr\u00fcft und k\u00f6nnen f\u00fcr den indirekten Lebensmittelkontakt sowie Spielzeuge angewendet werden und sind physiologisch unbedenklich.<\/p>\n\t\t\t\t\n<h3>DIGITRAN Verfahren \u2013 Ihre Vorteile:<\/h3>\t\t\n\t\t\t<li>Personalisierungen, Serialisierungen, fliegende Bildwechsel und verschiedene Bildfolgen in einem Satz m\u00f6glich<\/li>\n<li>h\u00f6chste Passergenauigkeit der Farben zueinander<\/li>\n<li>hochaufl\u00f6sende, fotorealistische Bilder<\/li>\n<li>hohe mechanische Resistenz der Dekore<\/li>\n<li>edle, gl\u00e4nzende Optik<\/li>\n<li>einfaches Handling der Folien und Maschinensysteme: kein Anmischen der Farben, keine Reinigung der Druckwerke und keine UV-Trockenstationen notwendig<\/li>\n<li>keine speziellen Anforderungen an die Produktionsr\u00e4ume wie Absaugungen, Klimatisierung oder Reinr\u00e4ume<\/li>\n<li>kurze R\u00fcst- und Vorlaufzeiten<\/li>\n<li>schnelle Umsetzung von kleinen und mittleren Losgr\u00f6\u00dfen<\/li>\n<li>jederzeit wiederholbare Bildqualit\u00e4t<\/li>\n<li>kosteng\u00fcnstige Fertigung kleiner Serien und variabler Bilddaten<\/li>\n<li>zuverl\u00e4ssige Just-in-time-Produktion<\/li>\n<h2>\n\t\tDIGITRAN Maschinen-Portfolio\n\t<\/h2>\n\t<p>Unsere Hei\u00dftransfermaschinen auf einen Blick\t<\/p>\n","protected":false},"excerpt":{"rendered":"<p>DAS DIGITRAN HEISSTRANSFER-VERFAHREN Digitaldruck trifft Hei\u00dftransfer-Dekoration Auf einzigartige Weise verbindet das DIGITRAN Hei\u00dftransfer-Verfahren Digitaldruck und Hei\u00dftransfer-Dekoration. Das Ergebnis: ein Verfahren, das makellose, hochaufl\u00f6sende Druckergebnisse auf einer Vielzahl unterschiedlicher Druckobjekte erm\u00f6glicht. Der DIGITRAN Prozessablauf beginnt mit dem elektrografischen Digitaldruck von fotorealistischen<\/p>\n","protected":false},"author":1,"featured_media":1078,"parent":0,"menu_order":0,"comment_status":"closed","ping_status":"closed","template":"","meta":{"footnotes":""},"class_list":["post-1065","page","type-page","status-publish","has-post-thumbnail","hentry"],"_links":{"self":[{"href":"https:\/\/www.digitran.de\/en\/wp-json\/wp\/v2\/pages\/1065","targetHints":{"allow":["GET"]}}],"collection":[{"href":"https:\/\/www.digitran.de\/en\/wp-json\/wp\/v2\/pages"}],"about":[{"href":"https:\/\/www.digitran.de\/en\/wp-json\/wp\/v2\/types\/page"}],"author":[{"embeddable":true,"href":"https:\/\/www.digitran.de\/en\/wp-json\/wp\/v2\/users\/1"}],"replies":[{"embeddable":true,"href":"https:\/\/www.digitran.de\/en\/wp-json\/wp\/v2\/comments?post=1065"}],"version-history":[{"count":1,"href":"https:\/\/www.digitran.de\/en\/wp-json\/wp\/v2\/pages\/1065\/revisions"}],"predecessor-version":[{"id":4457,"href":"https:\/\/www.digitran.de\/en\/wp-json\/wp\/v2\/pages\/1065\/revisions\/4457"}],"wp:featuredmedia":[{"embeddable":true,"href":"https:\/\/www.digitran.de\/en\/wp-json\/wp\/v2\/media\/1078"}],"wp:attachment":[{"href":"https:\/\/www.digitran.de\/en\/wp-json\/wp\/v2\/media?parent=1065"}],"curies":[{"name":"wp","href":"https:\/\/api.w.org\/{rel}","templated":true}]}}