{"id":1047,"date":"2016-08-19T14:54:22","date_gmt":"2016-08-19T12:54:22","guid":{"rendered":"http:\/\/www.digitran.de\/bedrucken-von-tuben\/"},"modified":"2026-03-23T10:00:40","modified_gmt":"2026-03-23T09:00:40","slug":"digital-printing-cosmetic-tubes","status":"publish","type":"page","link":"https:\/\/www.digitran.de\/en\/heat-transfer-printing-service\/digital-printing-cosmetic-tubes\/","title":{"rendered":"Digital Printing of Cosmetic Tubes"},"content":{"rendered":"\n<h1>\n\t\tTuben bedrucken mit digitaler Hei\u00dftransfer-Dekoration\n\t<\/h1>\n<h2>\n\t\tDer beste Digitaldruck f\u00fcr die Tube &#8211; auch bei kleinen Mengen\n\t<\/h2>\n\t<p>Das DIGITRAN-Hei\u00dftransfer-Verfahren ist die optimale L\u00f6sung f\u00fcr das digitale Bedrucken von Tuben jeglicher Art. Dank der Kombination von Digitaldruck und Hei\u00dftransfer lassen sich fotorealistische, 1200dpi Digitaldruckbilder auf die einfachste Art und Weise, und auf jeder Tube, applizieren. Hierbei spielt es keine Rolle ob die Tube f\u00fcr Kosmetik und Beauty, Food oder Industrieg\u00fcter gedacht ist.<\/p>\n<p>Mit unserem Dekorations-Service k\u00f6nnen wir Ihre Druckbilder auf die Tuben Ihrer Wahl aufbringen. F\u00fcr die eigene Druckabteilung gibt es digital gedruckte Hei\u00dftransferbilder und f\u00fcr Neueinsteiger helfen wir mit der passenden Ausr\u00fcstung.<\/p>\n<p>Profitieren Sie von der Chance Ihr Angebotsportfolio um die kosteneffiziente Fertigung von kleinen und mittleren Losgr\u00f6\u00dfen zu erweitern. Zudem sind auch personalisierte und serialisierte Druckauftr\u00e4ge in diesem Verfahren m\u00f6glich. Von fortlaufenden Nummern und Codes bis zu Sprachen oder Namen k\u00f6nnen Sie ihre Tuben individualisieren und einzigartige Produkte anbieten.<\/p>\n<h3>\n\t\tUnsere L\u00f6sungen f\u00fcr Ihren Tubendruck\n\t<\/h3>\n\t\t\t\t<a href=\"https:\/\/www.digitran.de\/en\/heattransferdecals\/\" target=\"_self\" itemprop=\"url\" rel=\"noopener\">\n\t\t\t\t<img decoding=\"async\" src=\"https:\/\/www.digitran.de\/wp-content\/uploads\/2019\/07\/Folienrollen_v2_freigestellt_Schatten.jpg\" alt=\"DIGITRAN - Digital gedruckte Hei\u00dftransferbilder\" itemprop=\"image\" height=\"696\" width=\"1100\" title=\"DIGITRAN - Digital gedruckte Hei\u00dftransferbilder\" onerror=\"this.style.display='none'\"  \/>\n\t\t\t\t<\/a>\n\t\t\t<a href=\"https:\/\/www.digitran.de\/en\/heattransferdecals\/\" target=\"_self\" rel=\"noopener\">\n\t\t\t\t\t\t\tTransferbilder\n\t\t\t\t\t<\/a>\n\t<p><strong>Hei\u00dftransfers<\/strong> f\u00fcr die Anwendung auf ihrer Hei\u00dftransfer- oder Hei\u00dfpr\u00e4gemaschine.<\/p>\n\t\t\t\t<a href=\"#Contract-Deco-Tube-ID\" target=\"_self\" itemprop=\"url\" rel=\"noopener\">\n\t\t\t\t<img decoding=\"async\" src=\"https:\/\/www.digitran.de\/wp-content\/uploads\/2023\/10\/TIMAHA-1_2.jpg\" alt=\"Kosmetiktuben mit digital gedruckten Hei\u00dftransfers\" itemprop=\"image\" height=\"1200\" width=\"1200\" title=\"Kosmetiktuben mit digital gedruckten Hei\u00dftransfers\" onerror=\"this.style.display='none'\"  \/>\n\t\t\t\t<\/a>\n\t\t\t<a href=\"#Contract-Deco-Tube-ID\" target=\"_self\" rel=\"noopener\">\n\t\t\t\t\t\t\tDekorations-Service\n\t\t\t\t\t<\/a>\n\t<p><strong>Wir drucken f\u00fcr Sie.<\/strong> Schicken Sie uns einfach ihre Druckdaten und Tuben, und wir machen den Rest.<\/p>\n\t\t\t\t<a href=\"https:\/\/www.digitran.de\/en\/heattransfermachines\/\" target=\"_self\" itemprop=\"url\" rel=\"noopener\">\n\t\t\t\t<img decoding=\"async\" src=\"https:\/\/www.digitran.de\/wp-content\/uploads\/2020\/12\/Header-DIGITRAN.de-NEU.jpg\" alt=\"DIGITRAN - Digital Heat Transfer Solutions\" itemprop=\"image\" height=\"800\" width=\"1800\" title=\"DIGITRAN - Digital Heat Transfer Solutions\" onerror=\"this.style.display='none'\"  \/>\n\t\t\t\t<\/a>\n\t\t\t<a href=\"https:\/\/www.digitran.de\/en\/heattransfermachines\/\" target=\"_self\" rel=\"noopener\">\n\t\t\t\t\t\t\tMaschinen &#038; Mehr\n\t\t\t\t\t<\/a>\n\t<p>Sie m\u00f6chten selbst in die Bedruckung von Tuben einsteigen? Dann haben wir die die passende <strong>Ausr\u00fcstung<\/strong>.<\/p>\n<h2>\n\t\tSo wird die Tube bedruckt\n\t<\/h2>\n\t<meta itemprop=\"url\" content=\"https:\/\/www.digitran.de\/wp-content\/uploads\/2021\/08\/TRR-20ml-Mit-Text_ENG_v2.mp4\" \/><div style=\"width: 640px;\" class=\"wp-video\"><video class=\"wp-video-shortcode\" id=\"video-1047-1\" width=\"640\" height=\"360\" preload=\"metadata\" controls=\"controls\"><source type=\"video\/mp4\" src=\"https:\/\/www.digitran.de\/wp-content\/uploads\/2021\/08\/TRR-20ml-Mit-Text_ENG_v2.mp4?_=1\" \/><a href=\"https:\/\/www.digitran.de\/wp-content\/uploads\/2021\/08\/TRR-20ml-Mit-Text_ENG_v2.mp4\">https:\/\/www.digitran.de\/wp-content\/uploads\/2021\/08\/TRR-20ml-Mit-Text_ENG_v2.mp4<\/a><\/video><\/div>\n<h2>\n\t\tWarum DIGITRAN zum Tuben bedrucken\n\t<\/h2>\n\t<p>Tuben die mit dem DIGITRAN-Verfahren dekoriert wurden zeichnen sich durch einige Besonderheiten aus. Zum einen ist die Veredelung in diesem Verfahren sicher und unbedenklich. Das bedeutet, dass weder L\u00f6semittel noch UV-h\u00e4rtende Monomere eingesetzt werden. Zudem konnte bisher keine Migration eines Hei\u00dftransferbildes durch die bedruckten Tuben festgestellt werden. Auf diese Weise l\u00e4sst sich sicherstellen, dass das F\u00fcllgut nicht durch aufgedruckte Farben verunreinigt wird. Dar\u00fcber hinaus erzielen die Druckbilder einen hochwertigen Glanz und eine angenehme Haptik.<\/p>\n<p>Ein weiter Vorteil liegt im Verfahren an sich. Denn sobald das Hei\u00dftransferbild auf die Tube aufgebracht wurde ist der Dekorationsprozess abgeschlossen. Es muss nichts mehr aush\u00e4rten oder abl\u00fcften und die Tube kann direkt weiterverarbeitet werden.<\/p>\nUm es Ihnen so einfach wie m\u00f6glich zu machen bietet DIGITRAN das gesamte Leistungsspektrum zum Thema Tuben bedrucken an. Beginnend beim Digitaldruck der Hei\u00dftransferbilder \u00fcber Hei\u00dftransfermaschinen bis hin zur Lohndekoration sind alle Optionen w\u00e4hlbar.<br \/>\nDekorieren Sie oder lassen Sie dekorieren, ganz egal ob PP oder PE, lackiert oder unlackiert, 6ml oder 250ml.\n<p><strong>Kurz gesagt: Es ist ein einzigartiges, gr\u00fcnes Produkt, welches f\u00fcr die vielseitige, digitale Bedruckung von Tuben einsetzbar ist!<\/strong><\/p>\n\t\t\t<a href=\"mailto:info@digitran.de?subject=Tubendruck anfragen\" target=\"_self\" rel=\"noopener\">\n\t\t\t\t\t\t\tKontakt Aufnehmen\n\t\t\t\t\t<\/a>\n\t\t\t\t<img decoding=\"async\" src=\"https:\/\/www.digitran.de\/wp-content\/uploads\/2020\/10\/Auslaufband-Color-Grading.jpg\" alt=\"Tuben Bedrucken mit Digitalem Hei\u00dftransfer\" itemprop=\"image\" height=\"627\" width=\"1200\" title=\"Tuben Bedrucken mit Digitalem Hei\u00dftransfer\" onerror=\"this.style.display='none'\"  \/>\n<h2>\n\t\tTuben bedrucken lassenLohndekoration als Service, auch f\u00fcr kleine St\u00fcckzahlen\n\t<\/h2>\n\t<p>Gerade f\u00fcr die Bedruckung kleiner St\u00fcckzahlen bietet unser Dekorations-Service einen hohen Mehrwert. Hierbei k\u00f6nnen Sie ihre Tuben mit unseren DIGITRAN Hei\u00dftransferbildern bedrucken lassen.<\/p>\n<p>&nbsp;<\/p>\n<p><strong>Schnell und Komfortabel<\/strong><\/p>\n<p>Mit einem eigenen Lager k\u00f6nnen wir Ihre Tuben direkt bei uns aufbewahren und Just-in-Time f\u00fcr Sie veredeln. Damit das schnell und sicher funktioniert stehen bei uns mehreren Maschinen bereit. Durch weitere Partnern im Markt gew\u00e4hrleisten wir nicht nur eine herausragende Qualit\u00e4t, sondern auch die Flexibilit\u00e4t selbst kleinste St\u00fcckzahlen zu bedrucken. Vom Auftragseingang bis zur fertigen Produktion vergehen somit nur wenige Wochen.<\/p>\n<p>&nbsp;<\/p>\n<p><strong>Kleine Losgr\u00f6\u00dfen und Personalisierung<\/strong><\/p>\n<p>Ob 200 oder 100.000 Tuben spielt hierbei keine Rolle. Sogar der Druck unterschiedlicher Motive sowie personalisierte Designs sind keine Herausforderung. Auf diese Weise kann z.B. ein Druckmotiv in mehreren Sprachen gedruckt werden, ohne das etwas ger\u00fcstet werden muss. Von neuen Produkten und Sondereditionen zu Start-Ups und kreativen Designs, bei uns k\u00f6nnen Sie ihre Tuben bedrucken lassen.<\/p>\n<p>&nbsp;<\/p>\n<p><strong>Ihr Partner f\u00fcr den n\u00e4chsten Schritt<\/strong><\/p>\n<p>Und wenn die eigene Produktserie ein Volumen erreicht hat, dass eine eigene Maschine rechtfertigt bieten wir Ihnen gerne eine DIGITRAN Hei\u00dftransfermaschine an. Dabei reicht unser Portfolio von halbautomatischen Maschinen wie der <a href=\"https:\/\/www.digitran.de\/en\/heattransfermachines\/digitran-tu\/\">DIGITRAN TU<\/a> bis zu vollautomatischen Maschinensystemen wie der\u00a0<a href=\"https:\/\/www.digitran.de\/en\/heattransfermachines\/digitran-trr\/\">DIGITRAN TRR<\/a>.<\/p>\n\t\t<h3>Jetzt Anfragen<\/h3>\n\t\t<p>Und \u00fcberzeugen Sie sich selbst von der Qualit\u00e4t der DIGITRAN-Verfahrens.<\/p>\n\t\t\t<a href=\"https:\/\/www.digitran.de\/en\/contact\/\" target=\"_self\" rel=\"noopener\">\n\t\t\t\t\t\t\tKontakt\n\t\t\t\t\t<\/a>\n<h2>\n\t\tHei\u00dftransfermaschinen zum Tuben bedrucken\n\t<\/h2>\n\n\t<p>Hier gelangen Sie zu weiterf\u00fchrenden Informationen zu unseren Produkten.<\/p>\n\t\t\t<a href=\"https:\/\/www.digitran.de\/en\/heattransfermachines\/\" target=\"_self\" rel=\"noopener\">\n\t\t\t\t\t\t\tMehr zu<br \/>HEISSTRANSFERMASCHINEN\n\t\t\t\t\t<\/a>\n\t\t\t<a href=\"https:\/\/www.digitran.de\/en\/heattransferdecals\/\" target=\"_self\" rel=\"noopener\">\n\t\t\t\t\t\t\tMehr zu<br \/>HEISSTRANSFERBILDERN\n\t\t\t\t\t<\/a>\n\t\t\t<a href=\"https:\/\/www.digitran.de\/en\/digital-heat-transfer-printing-process\/\" target=\"_self\" rel=\"noopener\">\n\t\t\t\t\t\t\tMehr zum<br \/>DIGITRAN-Verfahren\n\t\t\t\t\t<\/a>\n\t<h3>Ihre Vorteile<\/h3>\t\t\n\t\t\t<li>Personalisierungen, Serialisierungen, fliegende Bildwechsel oder verschiedene Bildfolgen in einem Satz<\/li>\n<li>h\u00f6chste Passergenauigkeit der Farben zueinander<\/li>\n<li>hochaufl\u00f6sende, fotorealistische Bilder mit hoher mechanischer Resistenz<\/li>\n<li>edle Optik der Tuben durch herausragenden Glanz<\/li>\n<li>kein Anmischen der Farben, keine Reinigung der Druckwerke, keine UV-Trocken-Stationen<\/li>\n<li>keine r\u00e4umlichen Anforderungen wie Absaugungen, Klimatisierung oder Reinr\u00e4ume<\/li>\n<li>kurze R\u00fcst- \/ Vorlaufzeiten und einfaches Handling der Folien und Maschinensysteme<\/li>\n<li>schnelle und kosteneffiziente Umsetzung von kleinen und mittleren Losgr\u00f6\u00dfen<\/li>\n<li>jederzeit wiederholbare Bildqualit\u00e4t<\/li>\n<li>Lohndekoration oder Maschinensysteme verf\u00fcgbar<\/li>\n<li>Sicher und ungiftig<\/li>\n\n","protected":false},"excerpt":{"rendered":"<p>Tuben bedrucken mit digitaler Hei\u00dftransfer-Dekoration Der beste Digitaldruck f\u00fcr die Tube &#8211; auch bei kleinen Mengen Das DIGITRAN-Hei\u00dftransfer-Verfahren ist die optimale L\u00f6sung f\u00fcr das digitale Bedrucken von Tuben jeglicher Art. Dank der Kombination von Digitaldruck und Hei\u00dftransfer lassen sich fotorealistische,<\/p>\n","protected":false},"author":4,"featured_media":1158,"parent":1066,"menu_order":0,"comment_status":"closed","ping_status":"closed","template":"","meta":{"footnotes":""},"class_list":["post-1047","page","type-page","status-publish","has-post-thumbnail","hentry"],"_links":{"self":[{"href":"https:\/\/www.digitran.de\/en\/wp-json\/wp\/v2\/pages\/1047","targetHints":{"allow":["GET"]}}],"collection":[{"href":"https:\/\/www.digitran.de\/en\/wp-json\/wp\/v2\/pages"}],"about":[{"href":"https:\/\/www.digitran.de\/en\/wp-json\/wp\/v2\/types\/page"}],"author":[{"embeddable":true,"href":"https:\/\/www.digitran.de\/en\/wp-json\/wp\/v2\/users\/4"}],"replies":[{"embeddable":true,"href":"https:\/\/www.digitran.de\/en\/wp-json\/wp\/v2\/comments?post=1047"}],"version-history":[{"count":1,"href":"https:\/\/www.digitran.de\/en\/wp-json\/wp\/v2\/pages\/1047\/revisions"}],"predecessor-version":[{"id":4708,"href":"https:\/\/www.digitran.de\/en\/wp-json\/wp\/v2\/pages\/1047\/revisions\/4708"}],"up":[{"embeddable":true,"href":"https:\/\/www.digitran.de\/en\/wp-json\/wp\/v2\/pages\/1066"}],"wp:featuredmedia":[{"embeddable":true,"href":"https:\/\/www.digitran.de\/en\/wp-json\/wp\/v2\/media\/1158"}],"wp:attachment":[{"href":"https:\/\/www.digitran.de\/en\/wp-json\/wp\/v2\/media?parent=1047"}],"curies":[{"name":"wp","href":"https:\/\/api.w.org\/{rel}","templated":true}]}}